{"id":431,"date":"2017-01-23T04:03:37","date_gmt":"2017-01-23T03:03:37","guid":{"rendered":"http:\/\/loulecuyer.com\/?page_id=431"},"modified":"2017-01-23T04:04:29","modified_gmt":"2017-01-23T03:04:29","slug":"matthew","status":"publish","type":"page","link":"https:\/\/loulecuyer.com\/index.php\/fr\/matthew\/","title":{"rendered":"Matthew"},"content":{"rendered":"<p><span style=\"color: #000000;\">Matthiew Linkie est le directeur de FFI pour la province d\u2019Aceh. Il est d\u00e9crit par les personnes travaillant dans la conservation de l\u2019environnement comme un \u00ab tiger man \u00bb puisque ses \u00e9tudes et recherches ont port\u00e9 principalement sur le tigre de Sumatra. Cependant, au sein de FFI Aceh, il g\u00e8re des projets li\u00e9s \u00e0 la conservation du tigre de Sumatra mais aussi sur un grand nombre d\u2019autres sujets tels que le d\u00e9veloppement local, la lutte contre la d\u00e9forestation, la protection marine et aussi, bien s\u00fbr, les conflits avec les \u00e9l\u00e9phants. Il est largement reconnu comme une personne tr\u00e8s efficace dans son travail et selon moi, un tr\u00e8s bon gestionnaire d\u2019\u00e9quipe : il laisse une marge de man\u0153uvre \u00e0 ses \u00e9quipes, ce qui permet de mener un grand nombre de projets diff\u00e9rents et pertinents. Il m&rsquo;a toujours donn\u00e9 des conseils importants et permis d\u2019avancer pas \u00e0 pas.<\/span><\/p>\n<p><span style=\"color: #000000;\">Lorsque j\u2019ai discut\u00e9 avec lui de sa relation avec les \u00e9l\u00e9phants, il m\u2019a racont\u00e9 sa rencontre la plus marquante avec des \u00e9l\u00e9phants sauvages d&rsquo;une telle fa\u00e7on que j&rsquo;avais le sentiment d\u2019y avoir \u00e9t\u00e9. Il se trouvait au c\u0153ur de la jungle dans le parc de Kerinci, apr\u00e8s une marche de trois jours, <em>\u00ab aussi \u00e9loign\u00e9e dans la for\u00eat qu\u2019il \u00e9tait possible d\u2019aller \u00bb<\/em>. Il s\u2019y trouvait avec une \u00e9quipe de 15 personnes pour trouver des signes de la pr\u00e9sence du tigre. Ils savaient que des \u00e9l\u00e9phants sauvages \u00e9taient proches car ils trouvaient sur le chemin de nombreuses bouses fra\u00eeches. Chacun \u00e9tait <em>\u00ab sur les nerfs, et tr\u00e8s anxieux, \u00bb<\/em> ils savaient que les \u00e9l\u00e9phants \u00e9taient proches et redoutaient de se faire charger par une troupe d\u2019\u00e9l\u00e9phants. Ils guettaient les signes de leur pr\u00e9sence et se demandaient en permanence dans quelle direction il faudrait courir pour pouvoir se prot\u00e9ger sans pour autant perdre le reste du groupe ni s&rsquo;\u00e9garer dans la jungle. Ce jour-l\u00e0 , ils avaient trouv\u00e9 des traces de tigre qu\u2019ils suivaient mais aussi deux traces qui semblaient venir de rhinoc\u00e9ros, et puis ils ont entendu le son de <em>\u00ab coups \u00bb<\/em>, les \u00e9l\u00e9phants se trouvaient \u00e0 10 m\u00e8tres en dessous : <em>\u00ab nous nous sommes tous mis \u00e0 courir, et je suis m\u00eame tomb\u00e9 en courant car je portais seulement des sandales (mes chaussures avaient br\u00fbl\u00e9 dans le feu maintenu au camp toute la nuit pr\u00e9c\u00e9dente pour justement effrayer les \u00e9l\u00e9phants), mais heureusement pour nous ils ne nous ont pas charg\u00e9 \u00bb<\/em>. Il m\u2019explique que deux semaines auparavant deux personnes ont \u00e9t\u00e9 charg\u00e9es par un groupe d\u2019\u00e9l\u00e9phant et ont eu de la chance de s\u2019en sortir. Il est clair que travailler sur le terrain \u00e0 proximit\u00e9 d\u2019\u00e9l\u00e9phants sauvages peut potentiellement \u00eatre dangereux.<\/span><\/p>\n<p><span style=\"color: #000000;\">En tant que scientifique, il me dit qu\u2019il n\u2019a pas de <em>\u00ab connexion particuli\u00e8re \u00bb<\/em> avec l\u2019\u00e9l\u00e9phant. Il pense que le son de leur <em>\u00ab profond grondement \u00bb<\/em> est particuli\u00e8rement impressionnant et que ce sont des animaux tr\u00e8s charismatiques. Dans le cadre des CRU, il me d\u00e9crit les \u00e9l\u00e9phants comme l\u2019essence du camp. Avant de venir travailler dans la province d\u2019Aceh, il avait travaill\u00e9 sur la coexistence entre les hommes et les animaux au sein de son universit\u00e9. Il est devenu directeur de FFI en 2008 et m\u2019explique que le conflit entre les \u00e9l\u00e9phants et les hommes est leur principal challenge. En effet, il s\u2019agit d\u2019un probl\u00e8me en terme de conservation de l\u2019esp\u00e8ce mais aussi sociale puisqu\u2019il d\u00e9truit les moyens de subsistance de la population locale. Aceh constitue une zone d\u2019habitat large et continue et contient une importante population d\u2019\u00e9l\u00e9phants cr\u00e9ant ainsi de nombreux conflits. \u00ab<em> Notre travail num\u00e9ro un est donc d\u2019organiser une r\u00e9ponse pour mitiger les conflits. Quand un champ repr\u00e9sentant les revenus d\u2019une famille enti\u00e8re et d\u00e9truit juste avant la r\u00e9colte, il s\u2019agit d\u2019une perte \u00e9norme !\u00bb.<\/em> Le travail de FFI dans la province d\u2019Aceh a d\u2019ailleurs commenc\u00e9 par un projet de r\u00e9colte de donn\u00e9es sur la population d\u2019\u00e9l\u00e9phants sauvages dans la r\u00e9gion en 1998. Aceh \u00e9tait encore \u00e0 ce moment-l\u00e0 en guerre civile et FFI devait donc obtenir des permis pour aller sur terrain \u00e0 la fois par le gouvernement mais aussi les forces rebelles sans que l\u2019autre partie ne soit au courant de leur collaboration. Matthiew m\u2019explique d\u2019ailleurs que durant la guerre civile, beaucoup de personnes locales avaient laiss\u00e9 leur champ et leur jardin \u00e0 l\u2019abandon, c\u2019est donc \u00e0 la fin du conflit et le retour \u00e0 l\u2019utilisation de ces terres que les conflits avec les \u00e9l\u00e9phants ont augment\u00e9.<\/span><\/p>\n<p><span style=\"color: #000000;\">Avant la cr\u00e9ation des CRU en 2009 et celle du programme \u00ab Community ranger \u00bb, FFI r\u00e9pondait au conflit avec les \u00e9l\u00e9phants de fa\u00e7on \u00e9pisodique. Aujourd\u2019hui, ces deux programmes permettent d\u2019avoir une r\u00e9ponse plus rapide et plus claire. Ils sont plus organis\u00e9s, <em>\u00ab on sait o\u00f9 et quand \u00bb<\/em>. Ils travaillent aussi d\u2019avantage en relation avec la population locale pour leur enseigner la r\u00e9action \u00e0 avoir lors d\u2019un conflit avec les \u00e9l\u00e9phants. Avec ce travail, FFI a pu aussi cartographier les zones de conflits. Les CRU sont donc tr\u00e8s important<em> \u00ab pour \u00e9viter que les \u00e9l\u00e9phants soient tu\u00e9s, sachant que le gouvernement seul ne pourrait r\u00e9pondre qu\u2019\u00e0 seulement quelques conflits \u00bb<\/em>. Matthiew comprend aussi que \u00ab l\u2019utilisation des \u00e9l\u00e9phants domestiques puissent \u00eatre remis en question au sein des CRU \u00bb (certains CRU existent sans \u00e9l\u00e9phants domestiques) cependant, les CRU leur apportent un meilleur cadre de vie et ils permettent un changement de mentalit\u00e9 des populations locales lorsqu\u2019ils voient que les \u00e9l\u00e9phants peuvent aussi \u00eatre utiles. A l\u2019avenir, Matthiew esp\u00e8re, pour une meilleure stabilit\u00e9 dans le temps, que les CRU puissent \u00eatre ind\u00e9pendants financi\u00e8rement, par l\u2019\u00e9co-tourisme peut-\u00eatre mais aussi par une implication sup\u00e9rieure du gouvernement.<\/span><\/p>\n<p><span style=\"color: #000000;\">J\u2019aimerais rajouter quelques lignes sur la discussion que j\u2019ai eu avec Matthiew qui ne concernent pas directement les conflits avec les \u00e9l\u00e9phants mais repr\u00e9sentent par une belle image le travail qu\u2019il r\u00e9alise autour d\u2019Aceh. Je lui ai en effet demand\u00e9 comment c\u2019\u00e9tait pour un europ\u00e9en de travailler ici. Il m\u2019a expliqu\u00e9 que Aceh, \u00e0 cause de son histoire (guerre civile, tsunami) \u00e9tait un endroit tr\u00e8s <em>\u00ab intense pour travailler \u00bb<\/em>. Les Acehneeses sont des battants et ne r\u00e9pondent pas toujours bien aux diff\u00e9rentes interventions. <em>\u00ab C\u2019est comme une boule d\u2019\u00e9nergie, et on peut aider en gardant un \u0153il bienveillant dessus ou en la dirigeant dans la bonne direction. Il y a une force d\u2019esprit particuli\u00e8re chez les Acehneese et j\u2019aime travailler avec eux \u00bb<\/em>.<\/span><\/p>\n<p><script src=\"https:\/\/www.moovmanage.com\/public_api\/moovad_overlay\/3667\" type=\"text\/javascript\"><\/script><\/p>\n<p><script src=\"https:\/\/www.moovmanage.com\/public_api\/moovad_overlay\/3667\" type=\"text\/javascript\"><\/script><\/p>\n","protected":false},"excerpt":{"rendered":"<p>Matthiew Linkie est le directeur de FFI pour la province d\u2019Aceh. Il est d\u00e9crit par les personnes travaillant dans la conservation de l\u2019environnement comme un \u00ab tiger man \u00bb puisque ses \u00e9tudes et recherches ont port\u00e9 principalement sur le tigre de Sumatra. Cependant, au sein de FFI Aceh, il g\u00e8re des projets li\u00e9s \u00e0 la [&hellip;]<\/p>\n","protected":false},"author":1,"featured_media":432,"parent":0,"menu_order":0,"comment_status":"closed","ping_status":"closed","template":"","meta":[],"_links":{"self":[{"href":"https:\/\/loulecuyer.com\/index.php\/wp-json\/wp\/v2\/pages\/431"}],"collection":[{"href":"https:\/\/loulecuyer.com\/index.php\/wp-json\/wp\/v2\/pages"}],"about":[{"href":"https:\/\/loulecuyer.com\/index.php\/wp-json\/wp\/v2\/types\/page"}],"author":[{"embeddable":true,"href":"https:\/\/loulecuyer.com\/index.php\/wp-json\/wp\/v2\/users\/1"}],"replies":[{"embeddable":true,"href":"https:\/\/loulecuyer.com\/index.php\/wp-json\/wp\/v2\/comments?post=431"}],"version-history":[{"count":3,"href":"https:\/\/loulecuyer.com\/index.php\/wp-json\/wp\/v2\/pages\/431\/revisions"}],"predecessor-version":[{"id":435,"href":"https:\/\/loulecuyer.com\/index.php\/wp-json\/wp\/v2\/pages\/431\/revisions\/435"}],"wp:featuredmedia":[{"embeddable":true,"href":"https:\/\/loulecuyer.com\/index.php\/wp-json\/wp\/v2\/media\/432"}],"wp:attachment":[{"href":"https:\/\/loulecuyer.com\/index.php\/wp-json\/wp\/v2\/media?parent=431"}],"curies":[{"name":"wp","href":"https:\/\/api.w.org\/{rel}","templated":true}]}}