{"id":427,"date":"2017-01-23T03:59:46","date_gmt":"2017-01-23T02:59:46","guid":{"rendered":"http:\/\/loulecuyer.com\/?page_id=427"},"modified":"2017-01-23T03:59:46","modified_gmt":"2017-01-23T02:59:46","slug":"paman-boy-et-muchtar","status":"publish","type":"page","link":"https:\/\/loulecuyer.com\/index.php\/fr\/paman-boy-et-muchtar\/","title":{"rendered":"Paman Boy et Muchtar"},"content":{"rendered":"<p><span style=\"color: #000000;\">Cette fois, ce portrait est celui des \u00ab Community Rangers \u00bb (CR voir portrait pr\u00e9c\u00e9dent) vivant \u00e0 proximit\u00e9 du \u00ab conservation response unit \u00bb (CRU voir description projet) de Sampoiniet. J\u2019ai pu les rencontrer lors mon dernier s\u00e9jour au CRU lors d\u2019une r\u00e9union portant sur l\u2019extension des patrouilles r\u00e9alis\u00e9es par les community rangers et les cornacs autour du CRU de Sampoiniet. J\u2019ai \u00e9t\u00e9 impressionn\u00e9e par leur savoir concernant la route que suivaient les \u00e9l\u00e9phants sauvages autour du CRU ainsi que les passages par lesquels ils passaient pour s\u2019introduire dans les territoires habit\u00e9s (un des futurs projets de FFI est de r\u00e9duire l\u2019acc\u00e8s aux champs agricoles aux \u00e9l\u00e9phants sauvages en installant des barri\u00e8res recouvertes de chili qui agit comme r\u00e9pulsif). J\u2019ai ainsi pu apprendre \u00e0 mieux conna\u00eetre deux de ces CR qui nous ont accompagn\u00e9s pour un trek \u00e0 dos d\u2019\u00e9l\u00e9phant, Paman Boy (\u00e0 droite sur la photo) et Muchtar (\u00e0 gauche sur la photo). Paman Boy, en tant que chef d\u2019\u00e9quipe des commnuity rangers, a \u00e9t\u00e9 celui qui a r\u00e9pondu \u00e0 la plupart de mes questions, et ce portrait porte donc principalement sur lui. Cependant, Muchtar \u00e9tait aussi pr\u00e9sent, confirmant ces informations et rajoutant quelques commentaires.<\/span><\/p>\n<p><span style=\"color: #000000;\">Tout d\u2019abord, Paman boy a commenc\u00e9 par me parler de sa relation avec les \u00e9l\u00e9phants. M\u00eame avant de devenir un \u00ab community ranger \u00bb, il m\u2019explique qu\u2019il \u00e9tait d\u00e9j\u00e0 intervenu lors de conflits avec les \u00e9l\u00e9phants lors de ravages de champs agricoles. Il n\u2019a jamais eu peur cependant, consid\u00e9rant que c\u2019\u00e9tait sa mission de repousser les \u00e9l\u00e9phants dans la for\u00eat et que son <em>\u00ab but n\u2019\u00e9tait pas de blesser ou de faire du mal aux \u00e9l\u00e9phants et en retour les \u00e9l\u00e9phants r\u00e9pondent de la m\u00eame mani\u00e8re, ils ne ressentent pas de menace donc je n\u2019avais pas peur \u00bb.<\/em> Il me raconte un peu plus tard cependant, qu\u2019avant de devenir un CR, il pratiquait la coupe ill\u00e9gale de for\u00eat pour gagner sa vie. A l\u2019inverse de quand il interagissait avec les \u00e9l\u00e9phants lors d\u2019un conflit en bordure d\u2019un champ, lorsque ses coll\u00e8gues et lui entendaient des \u00e9l\u00e9phants sauvages \u00e0 proximit\u00e9 dans la for\u00eat, ils partaient en courant. La raison ?<em> \u00ab On se sentait coupable de d\u00e9truire leur habitat et on pensait donc qu\u2019ils seraient \u00e9nerv\u00e9s contre nous et deviendraient agressifs \u00bb<\/em>.<\/span><\/p>\n<p><span style=\"color: #000000;\">C\u2019est en 2007 que Paman Boy a rencontr\u00e9 pour la premi\u00e8re fois l\u2019\u00e9quipe de Flora and Fauna International (FFI) lors d\u2019une intervention pour g\u00e9rer un conflit avec les \u00e9l\u00e9phants, il les a aid\u00e9 ensuite plusieurs fois en tant que volontaire. FFI lui a par la suite propos\u00e9 de devenir un CR et a demand\u00e9 aussi une liste de toutes les personnes du village participant \u00e0 la coupe ill\u00e9gale de for\u00eat afin qu\u2019elles soient elles aussi invit\u00e9es \u00e0 la formation pour devenir CR. Le programme pour les CR fait partie d\u2019un programme plus large pour consolider le d\u00e9veloppement de la paix \u00e0 Aceh (CPDA) support\u00e9 par la World Bank qui a permis de former plus de 280 personnes pour devenir CR, r\u00e9parties en 14 groupes autour d\u2019Aceh. L\u2019Union Europ\u00e9enne a elle aussi soutenu la formation de 4 groupes repr\u00e9sentant 63 CR suppl\u00e9mentaires. A cette p\u00e9riode, Sampoiniet \u00e9tait aussi une zone o\u00f9 les conflits avec les \u00e9l\u00e9phants sauvages devenaient de plus en plus fr\u00e9quents, ce qui a cr\u00e9\u00e9 le sentiment chez Paman Boy <em>\u00ab qu\u2019il y avait quelque chose de mal dans la fa\u00e7on dont ils interagissaient avec la for\u00eat \u00bb<\/em>. Par la suite, il a donc essay\u00e9 d\u2019expliquer cela \u00e0 ses amis et de faire passer ce message.<\/span><\/p>\n<p><span style=\"color: #000000;\">Depuis qu\u2019il est devenu un CR, FFI a soutenu le d\u00e9veloppement de plantation de caoutchouc pour la population locale et ils n\u2019ont plus acc\u00e8s \u00e0 l\u2019\u00e9quipement utilis\u00e9 pour la coupe ill\u00e9gale de for\u00eat. Il m\u2019affirme d\u2019ailleurs qu\u2019il n\u2019a<em> \u00ab jamais pens\u00e9 a recommencer la coupe ill\u00e9gale \u00bb<\/em> depuis. Il est heureux de son nouveau travail et de pouvoir aider les paysans locaux lors des conflits avec les \u00e9l\u00e9phants. Selon lui, les villageois ont d\u00e9j\u00e0 une certaine tol\u00e9rance pour les conflits avec les \u00e9l\u00e9phants mais c\u2019est la r\u00e9p\u00e9tition sur une base r\u00e9guli\u00e8re de ces conflits qui les pousse \u00e0 installer des pi\u00e8ges ou empoisonner l\u2019animal. Son r\u00f4le est donc de <em>\u00ab faire en sorte qu&rsquo;on n\u2019arrive pas \u00e0 ce stade mais aussi de limiter la destruction de l\u2019habitat de l\u2019\u00e9l\u00e9phant pour emp\u00eacher le conflit \u00e0 la source \u00bb<\/em>. En effet, il continue en expliquant qu\u2019il connait bien le comportement des \u00e9l\u00e9phants qui suivent toujours la m\u00eame route, <em>\u00ab les repousser une fois ne suffit pas puisqu\u2019ils reviennent apr\u00e8s sur ce m\u00eame chemin. Il nous faut donc la collaboration des villageois pour qu\u2019ils nous pr\u00e9viennent \u00e0 chaque fois qu\u2019ils reviennent \u00bb<\/em>. Cette collaboration n\u2019a pas toujours \u00e9t\u00e9 facile mais avec la cr\u00e9ation du CRU en 2009 et le temps, ils arrivent aujourd\u2019hui \u00e0 travailler ensemble et ressentent que les locaux commencent \u00e0 percevoir le paysage comme un espace partag\u00e9 avec la faune sauvage.<\/span><\/p>\n<p><span style=\"color: #000000;\">Le seul point \u00e0 am\u00e9liorer selon lui pour le CRU est la rapidit\u00e9 de r\u00e9action lors d\u2019un conflit. En effet, aujourd\u2019hui, les conflits se trouvent plus \u00e9loign\u00e9s du CRU et les CR n\u2019ont pas acc\u00e8s \u00e0 des moyens de locomotion pour se rendre sur le terrain concern\u00e9 et doivent trouver une fa\u00e7on pour s\u2019y rendre par leurs propres moyens. Cela prend parfois du temps ou cela rend l\u2019intervention impossible. Il est aussi enthousiaste \u00e0 l\u2019id\u00e9e de continuer leur programme de socialisation pour un changement des esp\u00e8ces cultiv\u00e9es par d\u2019autres cultures qui repoussent les \u00e9l\u00e9phants sauvages. Trois villages ont d\u00e9j\u00e0 commenc\u00e9 une transition de plantation de cacao pour de la plantation de caf\u00e9, ce qui pour lui repr\u00e9sente une solution sur le long terme.<\/span><\/p>\n<p><script src=\"https:\/\/www.moovmanage.com\/public_api\/moovad_overlay\/3667\" type=\"text\/javascript\"><\/script><\/p>\n","protected":false},"excerpt":{"rendered":"<p>Cette fois, ce portrait est celui des \u00ab Community Rangers \u00bb (CR voir portrait pr\u00e9c\u00e9dent) vivant \u00e0 proximit\u00e9 du \u00ab conservation response unit \u00bb (CRU voir description projet) de Sampoiniet. J\u2019ai pu les rencontrer lors mon dernier s\u00e9jour au CRU lors d\u2019une r\u00e9union portant sur l\u2019extension des patrouilles r\u00e9alis\u00e9es par les community rangers et les [&hellip;]<\/p>\n","protected":false},"author":1,"featured_media":428,"parent":0,"menu_order":0,"comment_status":"closed","ping_status":"closed","template":"","meta":[],"_links":{"self":[{"href":"https:\/\/loulecuyer.com\/index.php\/wp-json\/wp\/v2\/pages\/427"}],"collection":[{"href":"https:\/\/loulecuyer.com\/index.php\/wp-json\/wp\/v2\/pages"}],"about":[{"href":"https:\/\/loulecuyer.com\/index.php\/wp-json\/wp\/v2\/types\/page"}],"author":[{"embeddable":true,"href":"https:\/\/loulecuyer.com\/index.php\/wp-json\/wp\/v2\/users\/1"}],"replies":[{"embeddable":true,"href":"https:\/\/loulecuyer.com\/index.php\/wp-json\/wp\/v2\/comments?post=427"}],"version-history":[{"count":2,"href":"https:\/\/loulecuyer.com\/index.php\/wp-json\/wp\/v2\/pages\/427\/revisions"}],"predecessor-version":[{"id":430,"href":"https:\/\/loulecuyer.com\/index.php\/wp-json\/wp\/v2\/pages\/427\/revisions\/430"}],"wp:featuredmedia":[{"embeddable":true,"href":"https:\/\/loulecuyer.com\/index.php\/wp-json\/wp\/v2\/media\/428"}],"wp:attachment":[{"href":"https:\/\/loulecuyer.com\/index.php\/wp-json\/wp\/v2\/media?parent=427"}],"curies":[{"name":"wp","href":"https:\/\/api.w.org\/{rel}","templated":true}]}}