{"id":409,"date":"2017-01-23T03:24:42","date_gmt":"2017-01-23T02:24:42","guid":{"rendered":"http:\/\/loulecuyer.com\/?page_id=409"},"modified":"2017-01-23T03:24:42","modified_gmt":"2017-01-23T02:24:42","slug":"anggiat","status":"publish","type":"page","link":"https:\/\/loulecuyer.com\/index.php\/fr\/anggiat\/","title":{"rendered":"Anggiat"},"content":{"rendered":"<p><span style=\"color: #000000;\">Anggiat fait aussi partie de l\u2019\u00e9quipe de cornac des CRUs (voir description projet), celle de Sampoiniet. Il est le plus ancien des cornacs au camp et les premiers \u00e9changes que j\u2019ai eus avec lui \u00e9taient lorsqu\u2019il jouait de sa guitare, avec laquelle il joue principalement de la musique d\u2019Aceh. Contrairement \u00e0 d\u2019autres de l\u2019\u00e9quipe, il est moins timide et \u00e9tait content d\u2019\u00e9changer avec moi sur son rapport avec les \u00e9l\u00e9phants et sur son r\u00f4le dans la gestion des conflits avec les \u00e9l\u00e9phants sauvages. J\u2019ai vraiment senti chez lui la fiert\u00e9 de faire ce travail, en particulier dans le cadre des CRU, o\u00f9 il a un impact positif sur les communaut\u00e9s locales et l\u2019environnement.<\/span><\/p>\n<p><span style=\"color: #000000;\">Chez Anggiat, vivre avec les \u00e9l\u00e9phants est une histoire de famille. Son p\u00e8re \u00e9tait en effet cornac au camp gouvernemental de Sareh. Son p\u00e8re \u00e9tait tr\u00e8s proche des \u00e9l\u00e9phants avec qui il essayait de d\u00e9velopper une r\u00e9elle relation d\u2019amiti\u00e9. Pourtant, lui au d\u00e9but <em>\u00ab n\u2019aimait pas trop les \u00e9l\u00e9phants \u00bb<\/em> et \u00e9tait avant conducteur de marchandises entre Medan et Jakarta. C\u2019est apr\u00e8s, sous l\u2019influence de son p\u00e8re, qu\u2019il s\u2019est rapproch\u00e9 des \u00e9l\u00e9phants.<\/span><\/p>\n<p><span style=\"color: #000000;\">Le premier entrainement qu\u2019il a eu en tant que cornac a \u00e9t\u00e9 directement avec un \u00e9l\u00e9phant pas encore domestiqu\u00e9 : <em>\u00ab c\u2019\u00e9tait tr\u00e8s effrayant, il (l\u2019\u00e9l\u00e9phant) me regardait comme s&rsquo;il voulait me tuer. \u00bb <\/em>Mais son p\u00e8re lui a conseill\u00e9 d\u2019\u00eatre patient parce que travailler au contact des \u00e9l\u00e9phants prend du temps. Ses premi\u00e8res r\u00e9ussites lui ont donc apport\u00e9<em> \u00ab beaucoup de joie \u00bb.<\/em> C\u2019est aussi son p\u00e8re qui lui a de nouveau dit d\u2019\u00eatre patient, lorsqu\u2019il a commenc\u00e9 \u00e0 se lasser de son travail \u00e0 Sareh et surtout de la faible paye, et lui a pr\u00e9cis\u00e9 que lui gagnait au d\u00e9but cinq fois moins que ce que son fils avait gagn\u00e9. Et c\u2019est encore l\u2019id\u00e9e que <em>\u00ab si mon p\u00e8re le fait, je peux le faire \u00bb<\/em> qui lui permettra de devenir fier de son travail aupr\u00e8s de ses proches :<em> \u00ab Mes amis me disaient que c\u2019\u00e9tait un travail dangereux et puant \u00bb<\/em>.<\/span><\/p>\n<p><span style=\"color: #000000;\">Enfin, apr\u00e8s une opportunit\u00e9, qui ne s\u2019est pas r\u00e9alis\u00e9e, d\u2019emmener quelques \u00e9l\u00e9phants sur l\u2019\u00eele de Java pour des activit\u00e9s touristiques, il a postul\u00e9 pour faire partie des cornacs du CRU de Sampoiniet. Il avait entendu parler du CRU de Tangkahan (premier CRU cr\u00e9\u00e9, proche de Medan) et voulait lui aussi <em>\u00ab faire partie de l\u2019exp\u00e9rience \u00bb<\/em>. Il a donc commenc\u00e9 \u00e0 travailler \u00e0 Sampoiniet en 2009.<\/span><\/p>\n<p><span style=\"color: #000000;\">Quand il parle des conflits avec les \u00e9l\u00e9phants, il fait cette dr\u00f4le de comparaison, <em>\u00ab c\u2019est comme la t\u00eate d\u2019un personne chauve qui se d\u00e9garnit (les cheveux correspondant \u00e0 l\u2019habitat de l\u2019\u00e9l\u00e9phant, et la t\u00eate \u00e0 l\u2019homme qui \u00e9tend son habitat), au bout d\u2019un moment il n\u2019y a plus assez d\u2019habitat pour l\u2019\u00e9l\u00e9phant qui se retrouve donc oblig\u00e9 d\u2019aller sur le territoire de l\u2019homme \u00bb<\/em>. Et pour cela, il bl\u00e2me le gouvernement. Il leur reproche de vendre des terres appartenant pourtant \u00e0 des aires prot\u00e9g\u00e9es, ce qui selon lui <em>\u00ab r\u00e9duit l\u2019habitat de l\u2019\u00e9l\u00e9phant et augmente \u00e9norm\u00e9ment le nombre de conflits \u00bb<\/em>. Sa place au sein du CRU lui permet au moins de venir en aide aux paysans victimes de ces conflits. Il me raconte que sa premi\u00e8re intervention contre les attaques d\u2019un \u00e9l\u00e9phant sauvage \u00e9tait vraiment impressionnante car l\u2019\u00e9l\u00e9phant sauvage \u00e9tait beaucoup plus gros que les leurs. <em>\u00ab Mais je suis rest\u00e9, car c\u2019\u00e9tait important pour moi de pouvoir aider les villageois et l\u2019\u00e9l\u00e9phant sauvage est reparti \u00bb<\/em>.<\/span><\/p>\n<p><span style=\"color: #000000;\">Les CRU sont, pour lui, tr\u00e8s positifs car ils facilitent la gestion des conflits entre les hommes et les \u00e9l\u00e9phants en <em>\u00ab permettant au villageois de continuer \u00e0 travailler dans leurs champs sans avoir peur et nous (les cornacs), nous pouvons envoyer les \u00e9l\u00e9phants sauvages sur de nouveaux chemins. \u00bb <\/em>Il pr\u00e9cise cependant qu\u2019ils ont besoin d\u2019un plus fort soutien du gouvernement pour \u00eatre s\u00fbr que des r\u00e8gles soient mises en place afin que <em>\u00abl\u2019habitat des \u00e9l\u00e9phants puisse \u00eatre respect\u00e9\u00bb<\/em>. Il pense aussi qu\u2019ils ont besoin de plus de formation au camp pour les cornacs comme le fait d\u2019apprendre \u00e0 parler anglais pour pouvoir mieux communiquer et expliquer les probl\u00e8mes aux personnes \u00e9trang\u00e8res qui viennent au camp. Les conflits avec les \u00e9l\u00e9phants arrivant aussi dans plusieurs autres endroits autour de Sumatra, il aimerait aussi qu\u2019il existe un syst\u00e8me d\u2019\u00e9change <em>\u00ab pour qu\u2019on puisse voir comment ils agissent ailleurs et qu\u2019on puisse leur montrer nos actions ici \u00bb.<\/em> Cela permettrait selon lui, d\u2019avoir une action plus g\u00e9n\u00e9ralis\u00e9e pour prot\u00e9ger l\u2019\u00e9l\u00e9phant de Sumatra.<\/span><\/p>\n<p><script src=\"https:\/\/www.moovmanage.com\/public_api\/moovad_overlay\/3667\" type=\"text\/javascript\"><\/script><\/p>\n","protected":false},"excerpt":{"rendered":"<p>Anggiat fait aussi partie de l\u2019\u00e9quipe de cornac des CRUs (voir description projet), celle de Sampoiniet. Il est le plus ancien des cornacs au camp et les premiers \u00e9changes que j\u2019ai eus avec lui \u00e9taient lorsqu\u2019il jouait de sa guitare, avec laquelle il joue principalement de la musique d\u2019Aceh. Contrairement \u00e0 d\u2019autres de l\u2019\u00e9quipe, il [&hellip;]<\/p>\n","protected":false},"author":1,"featured_media":410,"parent":0,"menu_order":0,"comment_status":"closed","ping_status":"closed","template":"","meta":[],"_links":{"self":[{"href":"https:\/\/loulecuyer.com\/index.php\/wp-json\/wp\/v2\/pages\/409"}],"collection":[{"href":"https:\/\/loulecuyer.com\/index.php\/wp-json\/wp\/v2\/pages"}],"about":[{"href":"https:\/\/loulecuyer.com\/index.php\/wp-json\/wp\/v2\/types\/page"}],"author":[{"embeddable":true,"href":"https:\/\/loulecuyer.com\/index.php\/wp-json\/wp\/v2\/users\/1"}],"replies":[{"embeddable":true,"href":"https:\/\/loulecuyer.com\/index.php\/wp-json\/wp\/v2\/comments?post=409"}],"version-history":[{"count":2,"href":"https:\/\/loulecuyer.com\/index.php\/wp-json\/wp\/v2\/pages\/409\/revisions"}],"predecessor-version":[{"id":412,"href":"https:\/\/loulecuyer.com\/index.php\/wp-json\/wp\/v2\/pages\/409\/revisions\/412"}],"wp:featuredmedia":[{"embeddable":true,"href":"https:\/\/loulecuyer.com\/index.php\/wp-json\/wp\/v2\/media\/410"}],"wp:attachment":[{"href":"https:\/\/loulecuyer.com\/index.php\/wp-json\/wp\/v2\/media?parent=409"}],"curies":[{"name":"wp","href":"https:\/\/api.w.org\/{rel}","templated":true}]}}