{"id":406,"date":"2017-01-23T03:22:46","date_gmt":"2017-01-23T02:22:46","guid":{"rendered":"http:\/\/loulecuyer.com\/?page_id=406"},"modified":"2017-01-23T03:22:46","modified_gmt":"2017-01-23T02:22:46","slug":"toro","status":"publish","type":"page","link":"https:\/\/loulecuyer.com\/index.php\/fr\/toro\/","title":{"rendered":"Toro"},"content":{"rendered":"<p><span style=\"color: #000000;\">Toro est la personne en charge de la gestion du camp de Sampoiniet, la m\u00eame position que Hasballah (voir portrait) pour le camp de Mane. Il est le premier que j\u2019ai connu de l\u2019\u00e9quipe de terrain. Nous nous \u00e9tions rendus ensemble au camp lors de ma premi\u00e8re semaine \u00e0 Banda Aceh et avions pu \u00e9changer lors du trajet en voiture, quelques mots en indon\u00e9sien de mon c\u00f4t\u00e9 et quelques mots en anglais du sien en \u00e9coutant du Bob Marley. Il a int\u00e9gr\u00e9 seulement depuis F\u00e9vrier cette nouvelle position \u00e0 laquelle il s\u2019est vite adapt\u00e9. L\u2019\u00e9quipe l\u2019appr\u00e9cie et il a le souci de bien faire.<\/span><\/p>\n<p><span style=\"color: #000000;\">Sa premi\u00e8re rencontre avec un \u00e9l\u00e9phant sauvage \u00e9tait en 1999 lorsqu\u2019il travaillait avec le gouvernement sur le zonage des aires prot\u00e9g\u00e9es. Il a suivi des \u00e9tudes de gestion foresti\u00e8re et avait vu \u00e0 l\u2019universit\u00e9 comment se comporter lors de la rencontre avec un \u00e9l\u00e9phant sauvage, et a donc pu <em>\u00ab appr\u00e9cier cette premi\u00e8re rencontre \u00bb<\/em>. Durant ses cours, il s\u2019imaginait l&rsquo;animal comme<em> \u00ab dr\u00f4le et bon, mais quand on rencontre un \u00e9l\u00e9phant, c\u2019est diff\u00e9rent, tu ne sais jamais ce qu\u2019il se passe dans la t\u00eate d\u2019un \u00e9l\u00e9phant sauvage \u00bb<\/em>. Cependant, il d\u00e9crit ses exp\u00e9riences d\u2019intervention lors de conflit avec les \u00e9l\u00e9phants sauvages comme <em>\u00ab des moments tr\u00e8s excitants. C\u2019est inqui\u00e9tant mais c\u2019est aussi beaucoup d\u2019adr\u00e9naline \u00bb<\/em>. Il a principalement voulu faire ce travail pour aider les habitants locaux, pour qu\u2019ils puissent continuer leur travail aux champs, mais aussi car il se sent <em>\u00ab triste \u00bb<\/em> \u00e0 l\u2019id\u00e9e que les \u00e9l\u00e9phants perdent un peu plus de leur habitat tous les jours.<\/span><\/p>\n<p><span style=\"color: #000000;\">Toro a presque toujours travaill\u00e9 dans le domaine de la gestion foresti\u00e8re autour de Sumatra, sur diff\u00e9rents projets allant de la r\u00e9colte de donn\u00e9es \u00e9cologiques, \u00e0 la cartographie, et aux patrouilles dans les aires prot\u00e9g\u00e9es. Cependant, ce n\u2019est pas toujours facile de travailler dans ce domaine et apr\u00e8s avoir travaill\u00e9 dans la publicit\u00e9, \u00e0 la suite du tsunami, il a travaill\u00e9 pour une ONG international s\u2019occupant d\u2019amener de la nourriture aux victimes dans la r\u00e9gion d\u2019Aceh Jaya. Il s\u2019est ensuite investi dans la cr\u00e9ation d\u2019une ONG locale oeuvrant pour la conservation de la for\u00eat et l\u2019\u00e9ducation. C\u2019est depuis 2008 qu\u2019il travaille avec Flora and Fauna International (FFI), d&rsquo;abord en tant que chef d\u2019\u00e9quipe des \u00ab community rangers \u00bb (habitant locaux entrain\u00e9s par FFI pour la surveillance des activit\u00e9s ill\u00e9gales tel que la coupe de for\u00eat o\u00f9 le braconnage d\u2019esp\u00e8ces) et depuis peu en en tant que coordinateur sur le CRU de Sampoiniet. Il avait cependant d\u00e9j\u00e0 travaill\u00e9 sur le projet des CRUs au moment de leur cr\u00e9ation pour la n\u00e9gociation des terrains o\u00f9 le camp est aujourd\u2019hui implant\u00e9 et pour les campagnes d\u2019information aupr\u00e8s des populations locales.<\/span><\/p>\n<p><span style=\"color: #000000;\">Quand on commence \u00e0 parler des conflits entre l\u2019homme et l\u2019\u00e9l\u00e9phant, il m\u2019explique qu\u2019il y a selon lui de plus en plus de conflits et que cela devient un probl\u00e8me de plus en plus important. Il explique aussi que l\u2019importance grandissante du conflit est li\u00e9e \u00e0 l\u2019augmentation du nombre de fois o\u00f9 le sujet est abord\u00e9 (dans les m\u00e9dias ou autre). Il me dit que <em>\u00ab durant la guerre civile il n\u2019y avait pas d\u2019information en rapport sur les conflits avec les \u00e9l\u00e9phants. Apr\u00e8s la guerre, l\u2019int\u00e9r\u00eat s\u2019est tourn\u00e9 vers ces conflits \u00bb<\/em>. Aujourd\u2019hui les hommes continuent d\u2019empi\u00e9ter sur l\u2019habitat des \u00e9l\u00e9phants, le r\u00e9duisant de jour en jour, ne permettant pas de r\u00e9duire le nombre de conflits.<\/span><\/p>\n<p><span style=\"color: #000000;\">Les CRU (voir description projet) sont cependant un tr\u00e8s bon outil selon lui et ont un impact tr\u00e8s positif sur les villageois des alentours. Avant que les CRUs existent, Toro affirme que <em>\u00ab les paysans \u00e9taient moins productifs aux champs car ils avaient toujours peur de la venue des \u00e9l\u00e9phants \u00bb<\/em>. Il m\u2019explique aussi dans cette r\u00e9gion, les cultures pratiqu\u00e9es <em>\u00ab se passent de p\u00e8re en fils \u00bb<\/em> et qu\u2019il est donc difficile de changer le choix des cultures que plantent les paysans pour celles qui repoussent les \u00e9l\u00e9phants (certaines cultures telles que celle du chili ou du caf\u00e9 attirent moins les \u00e9l\u00e9phants qui ne se nourrissent pas de ces produits). Cependant, avec la pr\u00e9sence des CRUs, cela leur permet de commencer \u00e0 y penser et il esp\u00e8re que dans le futur, ils pourront commencer \u00e0 cultiver du caf\u00e9 pour une meilleure cohabitation avec les \u00e9l\u00e9phants. Toro insiste enfin sur l\u2019importance que les populations locales comprennent que c&rsquo;est dans leur int\u00e9r\u00eat de prot\u00e9ger la for\u00eat. Il pense que cela peut se faire \u00e0 travers des programmes \u00e9ducatifs mais aussi l\u2019\u00e9cotourisme :<em> \u00ab s&rsquo;ils peuvent gagner de l\u2019argent \u00e0 travers le tourisme li\u00e9 \u00e0 l\u2019environnement naturel autour des CRU, ensuite ils voudront d\u2019eux-m\u00eames prot\u00e9ger la for\u00eat. \u00bb<\/em><\/span><\/p>\n<p><script src=\"https:\/\/www.moovmanage.com\/public_api\/moovad_overlay\/3667\" type=\"text\/javascript\"><\/script><\/p>\n","protected":false},"excerpt":{"rendered":"<p>Toro est la personne en charge de la gestion du camp de Sampoiniet, la m\u00eame position que Hasballah (voir portrait) pour le camp de Mane. Il est le premier que j\u2019ai connu de l\u2019\u00e9quipe de terrain. Nous nous \u00e9tions rendus ensemble au camp lors de ma premi\u00e8re semaine \u00e0 Banda Aceh et avions pu \u00e9changer [&hellip;]<\/p>\n","protected":false},"author":1,"featured_media":363,"parent":0,"menu_order":0,"comment_status":"closed","ping_status":"closed","template":"","meta":[],"_links":{"self":[{"href":"https:\/\/loulecuyer.com\/index.php\/wp-json\/wp\/v2\/pages\/406"}],"collection":[{"href":"https:\/\/loulecuyer.com\/index.php\/wp-json\/wp\/v2\/pages"}],"about":[{"href":"https:\/\/loulecuyer.com\/index.php\/wp-json\/wp\/v2\/types\/page"}],"author":[{"embeddable":true,"href":"https:\/\/loulecuyer.com\/index.php\/wp-json\/wp\/v2\/users\/1"}],"replies":[{"embeddable":true,"href":"https:\/\/loulecuyer.com\/index.php\/wp-json\/wp\/v2\/comments?post=406"}],"version-history":[{"count":2,"href":"https:\/\/loulecuyer.com\/index.php\/wp-json\/wp\/v2\/pages\/406\/revisions"}],"predecessor-version":[{"id":408,"href":"https:\/\/loulecuyer.com\/index.php\/wp-json\/wp\/v2\/pages\/406\/revisions\/408"}],"wp:featuredmedia":[{"embeddable":true,"href":"https:\/\/loulecuyer.com\/index.php\/wp-json\/wp\/v2\/media\/363"}],"wp:attachment":[{"href":"https:\/\/loulecuyer.com\/index.php\/wp-json\/wp\/v2\/media?parent=406"}],"curies":[{"name":"wp","href":"https:\/\/api.w.org\/{rel}","templated":true}]}}