{"id":402,"date":"2017-01-23T03:21:07","date_gmt":"2017-01-23T02:21:07","guid":{"rendered":"http:\/\/loulecuyer.com\/?page_id=402"},"modified":"2017-01-23T03:48:45","modified_gmt":"2017-01-23T02:48:45","slug":"amrizal","status":"publish","type":"page","link":"https:\/\/loulecuyer.com\/index.php\/fr\/amrizal\/","title":{"rendered":"Amrizal"},"content":{"rendered":"<p><span style=\"color: #000000;\">Amrizal fait partie de l\u2019\u00e9quipe de terrain du CRU (voir description du projet) de Mane. Il est \u00ab mahout \u00bb, le mot fran\u00e7ais \u00e9tant cornac, c\u2019est-\u00e0-dire la personne en charge de dresser les \u00e9l\u00e9phants et guider par la suite l\u2019\u00e9l\u00e9phant domestique. C\u2019est une personne tr\u00e8s timide et je n\u2019avais pas vraiment eu l&rsquo;opportunit\u00e9 de lui parler avant de r\u00e9aliser ce portrait sur lui. J\u2019ai pu apprendre \u00e0 le connaitre ainsi que le reste de l\u2019\u00e9quipe \u00e0 l\u2019occasion d\u2019un trek de trois jours dans la jungle. Il semblait heureux de partager les histoires qui l\u2019ont amen\u00e9 \u00e0 travailler \u00e0 Mane.<\/span><\/p>\n<p><span style=\"color: #000000;\">Il a ainsi pu me raconter qu\u2019il avait toujours \u00e9t\u00e9 fascin\u00e9 par les \u00e9l\u00e9phants. Son beau-fr\u00e8re travaillait au camp gouvernemental o\u00f9 sont gard\u00e9s les autres \u00e9l\u00e9phants domestiques. En effet, la politique du gouvernement indon\u00e9sien pendant une longue p\u00e9riode \u00e9tait de capturer les \u00e9l\u00e9phants sauvages cr\u00e9ant des conflits pour les mettre dans des camps o\u00f9 ils \u00e9taient domestiqu\u00e9s. Aujourd\u2019hui, un moratorium a \u00e9t\u00e9 appliqu\u00e9 pour la capture des \u00e9l\u00e9phants mais il existe toujours des camps gouvernementaux o\u00f9 sont gard\u00e9s les \u00e9l\u00e9phants pr\u00e9c\u00e9demment retir\u00e9s du monde sauvage. C\u2019est de l\u00e0 que les \u00e9l\u00e9phants des CRU et les cornacs proviennent. Amrizal y a donc pass\u00e9 beaucoup de temps, et \u00e0 l\u2019\u00e2ge de douze ans, il a essay\u00e9 de monter sur un \u00e9l\u00e9phanteau qui s\u2019est, bien s\u00fbr, mis \u00e0 courir. En tombant, il s\u2019est cass\u00e9 le poignet mais il a aussi d\u00e9cid\u00e9 apr\u00e8s cette exp\u00e9rience, que dresser les \u00e9l\u00e9phants \u00e9tait <em>\u00ab le m\u00e9tier qu\u2019il ferait \u00bb<\/em>. Il est donc revenu plus tard au camp o\u00f9 il a pass\u00e9 du temps \u00e0 aider en tant que volontaire jusqu\u2019\u00e0 ce qu\u2019une place de cornac s\u2019ouvre pour lui. Il a travaill\u00e9 4 ans dans le camp de Sareh (camp gouvernemental) avant de rejoindre le CRU de Mane en 2010. A Sareh, les conditions de vies pour les \u00e9l\u00e9phants sont plus dures, ils ont un acc\u00e8s limit\u00e9 \u00e0 la nourriture fra\u00eeche et il \u00e9tait heureux de pouvoir offrir de meilleures conditions \u00e0 son \u00e9l\u00e9phant (chaque cornac a un \u00e9l\u00e9phant attitr\u00e9).<\/span><\/p>\n<p><span style=\"color: #000000;\">A Mane, il peut aussi intervenir lors des conflits avec les \u00e9l\u00e9phants sauvages. Il explique qu\u2019il comprend <em>\u00ab que les habitants locaux ont besoin d\u2019espaces pour cultiver des terres et manger mais les \u00e9l\u00e9phants et les tigres ont aussi besoin de cet habitat pour vivre \u00bb<\/em>. Les \u00e9l\u00e9phants suivent juste les chemins qu\u2019ils ont l\u2019habitude d\u2019utiliser et c\u2019est quand ces chemins ont \u00e9t\u00e9 r\u00e9duits \u00e0 un espace ouvert avec des champs que les conflits apparaissent.<em> \u00ab Avec nos \u00e9l\u00e9phants, on peut se rendre sur le terrain et aider les populations locales \u00e0 repousser les \u00e9l\u00e9phants sauvages. Et \u00e7a c\u2019est important. \u00bb<\/em> En effet, il me raconte que comme les \u00e9l\u00e9phants sont des animaux territoriaux, lorsque l\u2019intervention au sol \u00e0 l\u2019aide de p\u00e9tards n\u2019est pas suffisante, ils se rendent sur place avec leurs \u00e9l\u00e9phants. S&rsquo;il s\u2019agit d\u2019\u00e9l\u00e9phants sauvages, plus jeunes que les \u00e9l\u00e9phants domestiques, ceux-ci ne reviennent pas attaquer les champs. Cependant, parfois les \u00e9l\u00e9phants sauvages sont plus vieux et ils ont donc recourt \u00e0 trois \u00e9l\u00e9phants tr\u00e8s \u00e2g\u00e9s des camps gouvernementaux, qu\u2019il me d\u00e9crit comme <em>\u00ab les patriarches \u00bb<\/em>, qui semblent, eux, repousser \u00e0 chaque fois les \u00e9l\u00e9phants sauvages. Il m\u2019explique aussi qu&rsquo;\u00e0 Mane, la seule pr\u00e9sence des \u00e9l\u00e9phants autour du camp a permis de r\u00e9duire presque \u00e0 z\u00e9ro les conflits avec les \u00e9l\u00e9phants sauvages dans les alentours. D\u2019apr\u00e8s lui, tout cela a permis de changer la perception des populations locales, et me dit que aujourd\u2019hui <em>\u00ab \u00e0 chacune de nos interventions, les habitants sont tr\u00e8s reconnaissants, plus qu&rsquo;auparavant \u00bb<\/em>.<\/span><\/p>\n<p><span style=\"color: #000000;\">Quand je lui demande ce qu\u2019il pense du CRU, sa r\u00e9ponse est beaucoup plus pratique que les personnes que j\u2019ai rencontr\u00e9es jusqu\u2019ici. En effet, il s\u2019agit de son travail de tous les jours et il me parle donc des conditions de vie. Il commence par <em>\u00ab quand je suis dans ma famille, j\u2019ai souvent la paresse de revenir car le camp est dur d\u2019acc\u00e8s et les conditions de vie avant n\u2019\u00e9taient pas confortables \u00bb<\/em> (le camp a \u00e9t\u00e9 restaur\u00e9 dans les derni\u00e8res semaines mais \u00e9tait avant \u00e7a en mauvais \u00e9tat, avec beaucoup de fuites dans les toits, rendant les jours de pluie tr\u00e8s d\u00e9sagr\u00e9ables). Il regrette aussi parfois de ne pas avoir plus de visites des personnes en charge au sein de FFI et esp\u00e8re qu\u2019un jour ils auront les moyens n\u00e9cessaires pour am\u00e9liorer le camp. Sinon, il pense que le projet des CRUs a un impact positif pour les populations locales. Il me confie cependant <em>\u00ab [qu&rsquo;]on pourrait faire plus avec plus de moyens, on n\u2019a pas assez de voitures ou de moto pour acc\u00e9der au site de conflit. Aujourd\u2019hui, on fait ce qu\u2019on peut, j\u2019utilise ma propre moto pour aller sur les lieux de conflits sans tenir compte des potentiels accidents, mais on a besoin de plus de moyens et de plus de formation de terrain, pour savoir comment se servir d\u2019une boussole etc\u2026 \u00bb<\/em>. Pour finir notre discussion \u00e0 propos de son travail au CRU, il me dit <em>\u00ab pour moi, de toute fa\u00e7on, le plus important, ce n\u2019est pas mon confort personnel, mais celui de mon \u00e9l\u00e9phant. \u00bb<\/em><\/span><\/p>\n<p><script src=\"https:\/\/www.moovmanage.com\/public_api\/moovad_overlay\/3667\" type=\"text\/javascript\"><\/script><\/p>\n<p><script src=\"https:\/\/www.moovmanage.com\/public_api\/moovad_overlay\/3667\" type=\"text\/javascript\"><\/script><\/p>\n<p><script src=\"https:\/\/www.moovmanage.com\/public_api\/moovad_overlay\/3667\" type=\"text\/javascript\"><\/script><\/p>\n","protected":false},"excerpt":{"rendered":"<p>Amrizal fait partie de l\u2019\u00e9quipe de terrain du CRU (voir description du projet) de Mane. Il est \u00ab mahout \u00bb, le mot fran\u00e7ais \u00e9tant cornac, c\u2019est-\u00e0-dire la personne en charge de dresser les \u00e9l\u00e9phants et guider par la suite l\u2019\u00e9l\u00e9phant domestique. C\u2019est une personne tr\u00e8s timide et je n\u2019avais pas vraiment eu l&rsquo;opportunit\u00e9 de lui [&hellip;]<\/p>\n","protected":false},"author":1,"featured_media":419,"parent":0,"menu_order":0,"comment_status":"closed","ping_status":"closed","template":"","meta":[],"_links":{"self":[{"href":"https:\/\/loulecuyer.com\/index.php\/wp-json\/wp\/v2\/pages\/402"}],"collection":[{"href":"https:\/\/loulecuyer.com\/index.php\/wp-json\/wp\/v2\/pages"}],"about":[{"href":"https:\/\/loulecuyer.com\/index.php\/wp-json\/wp\/v2\/types\/page"}],"author":[{"embeddable":true,"href":"https:\/\/loulecuyer.com\/index.php\/wp-json\/wp\/v2\/users\/1"}],"replies":[{"embeddable":true,"href":"https:\/\/loulecuyer.com\/index.php\/wp-json\/wp\/v2\/comments?post=402"}],"version-history":[{"count":4,"href":"https:\/\/loulecuyer.com\/index.php\/wp-json\/wp\/v2\/pages\/402\/revisions"}],"predecessor-version":[{"id":421,"href":"https:\/\/loulecuyer.com\/index.php\/wp-json\/wp\/v2\/pages\/402\/revisions\/421"}],"wp:featuredmedia":[{"embeddable":true,"href":"https:\/\/loulecuyer.com\/index.php\/wp-json\/wp\/v2\/media\/419"}],"wp:attachment":[{"href":"https:\/\/loulecuyer.com\/index.php\/wp-json\/wp\/v2\/media?parent=402"}],"curies":[{"name":"wp","href":"https:\/\/api.w.org\/{rel}","templated":true}]}}