{"id":392,"date":"2017-01-23T03:13:50","date_gmt":"2017-01-23T02:13:50","guid":{"rendered":"http:\/\/loulecuyer.com\/?page_id=392"},"modified":"2017-01-23T03:14:22","modified_gmt":"2017-01-23T02:14:22","slug":"kholis","status":"publish","type":"page","link":"https:\/\/loulecuyer.com\/index.php\/fr\/kholis\/","title":{"rendered":"Kholis"},"content":{"rendered":"<p><span style=\"color: #000000;\">Kholis est la nouvelle personne en charge au sein de Flora and Fauna International (FFI) de coordonner leurs programmes sur les esp\u00e8ces cl\u00e9s (l\u2019\u00e9l\u00e9phant faisant partie de ce programme). Nous avons \u00e9t\u00e9 pr\u00e9sent\u00e9s au bureau et j\u2019ai tout de suite appr\u00e9ci\u00e9 sa fa\u00e7on de raisonner, sa fa\u00e7on de voir la protection de l\u2019environnement, comme un \u00e9quilibre entre le d\u00e9veloppement des populations locales et la conservation de la nature. C\u2019est une personne tr\u00e8s mesur\u00e9e dans ses propos et un chef de projet avec un bon esprit d\u2019\u00e9quipe.<\/span><\/p>\n<p><span style=\"color: #000000;\">Si on lui demande quel est son ressenti par rapport \u00e0 l\u2019\u00e9l\u00e9phant de Sumatra, il ne vous parle pas de son amour ou de son admiration pour l\u2019animal comme certaines personnes le font, mais le place en tant que victime qu\u2019il se doit de prot\u00e9ger. Beaucoup d\u2019\u00e9l\u00e9phants sont retrouv\u00e9s morts empoisonn\u00e9s, tu\u00e9s pour leurs d\u00e9fenses o\u00f9 bless\u00e9s par des pi\u00e8ges. Il se rappelle tr\u00e8s bien le premier \u00e9l\u00e9phant qu\u2019il a secouru en 2009, un jeune \u00e9l\u00e9phant pris dans un pi\u00e8ge qui l\u2019avait fortement bless\u00e9 mais qui a pu \u00eatre sauv\u00e9. C\u2019est un conflit, selon lui, tr\u00e8s difficile \u00e0 g\u00e9rer, car il est \u00e9tendu et Kholis en re\u00e7oit tous les jours de nombreux t\u00e9moignages. Les \u00e9l\u00e9phants sont <em>\u00ab des animaux territoriaux qui parcourent des trajets sp\u00e9cifiques et c\u2019est lorsque ce chemin croise celui des hommes que les conflits surviennent. Il faudrait changer les cultures aux abords des for\u00eats pour des cultures qui repoussent les \u00e9l\u00e9phants, sinon ils resteront des victimes lorsqu\u2019ils se rapprochent trop des villages \u00bb<\/em>.<\/span><\/p>\n<p><span style=\"color: #000000;\">Kholis, comme beaucoup de personnes travaillant dans la protection de l\u2019environnement en Indon\u00e9sie, a suivi des \u00e9tudes de v\u00e9t\u00e9rinaire. Il a commenc\u00e9 par travailler dans un centre de secours pour la faune sauvage qui accueillait des animaux provenant du commerce ill\u00e9gal afin de les soigner et parfois les rel\u00e2cher dans la nature. Cependant, beaucoup de ses animaux ne pouvaient pas \u00eatre r\u00e9habilit\u00e9s \u00e0 la vie sauvage et Kholis a donc d\u00e9cid\u00e9 que la meilleure place pour les prot\u00e9ger serait de travailler directement sur les menaces pesant sur la vie sauvage en Indon\u00e9sie <em>\u00ab avant qu\u2019ils ne soient tu\u00e9s \u00bb<\/em>. Il a laiss\u00e9 derri\u00e8re lui, non sans regrets, ses comp\u00e9tences de v\u00e9t\u00e9rinaire et a commenc\u00e9 \u00e0 travailler sur les conflits avec les tigres.<\/span><\/p>\n<p><span style=\"color: #000000;\">Il est tr\u00e8s fr\u00e9quent que les provinces faisant face \u00e0 des conflits avec les tigres rencontrent aussi des conflits avec les \u00e9l\u00e9phants, principalement les villages se situant au bord de la for\u00eat tropicale, et c\u2019est comme \u00e7a que Kholis a commenc\u00e9 \u00e0 travailler au contact des \u00e9l\u00e9phants : <em>\u00ab on ne pouvait pas ignorer les conflits avec les \u00e9l\u00e9phants et se limiter \u00e0 travailler pour le tigre. J\u2019ai re\u00e7u des instructions sur la fa\u00e7on de proc\u00e9der par d\u2019autres \u00e9quipes sp\u00e9cialistes des \u00e9l\u00e9phants et je suis intervenu sur certains conflits, le plus important c\u2019est d\u2019\u00eatre pr\u00e9sent \u00bb<\/em>. D\u2019apr\u00e8s Kholis, il a pu agir efficacement contre les conflits car il montr\u00e9 aux populations locales qu&rsquo;il se souciait de leurs probl\u00e8mes, qu&rsquo;il ne venait pas seulement prendre des photos des d\u00e9g\u00e2ts pour repartir aussit\u00f4t, mais qu&rsquo;il restait assez longtemps pour aider et <em>\u00ab ressentir ce qu\u2019ils ressentaient\u00bb<\/em>.<br \/>\nSouvent, h\u00e9las, les populations locales esp\u00e8rent une compensation de leurs pertes mais pour Kholis, le taux de corruption est trop fort en Indon\u00e9sie pour installer un syst\u00e8me de compensation efficace. Les conflits avec la faune sauvage deviennent donc <em>\u00ab une porte ouverte pour le braconnage, si personne n\u2019est l\u00e0, les braconniers viendront et r\u00e9gleront le conflit \u00e0 leur fa\u00e7on en tuant l\u2019animal \u00bb<\/em>. L\u2019intervention rapide sur le terrain est donc, selon Kholis le meilleur moyen pour sauver l\u2019animal \u00e0 la base du conflit. La situation est la m\u00eame pour le tigre, les populations locales poseront des pi\u00e8ges ou du poison pr\u00e8s de leur village, <em>\u00ab et ils ont leurs raisons, par exemple, tant que le tigre est l\u00e0, il est trop dangereux de retourner travailler aux champs \u00bb<\/em>. Kholis affirme qu\u2019il n\u2019existe pas de loi efficace pour prot\u00e9ger la faune sauvage et que les personnes coupables de tuer une esp\u00e8ce prot\u00e9g\u00e9e ne sont pas condamn\u00e9es. Le meilleur moyen de les prot\u00e9ger et de g\u00e9rer le conflit est d\u2019emp\u00eacher qu\u2019ils soient tu\u00e9s.<\/span><\/p>\n<p><span style=\"color: #000000;\">Kholis a r\u00e9cemment int\u00e9gr\u00e9 l\u2019\u00e9quipe de FFI et son nouveau poste demande plus de travail aupr\u00e8s des populations locales. La majeure partie du travail de FFI concerne le d\u00e9veloppement des communaut\u00e9s et l\u2019implication de \u00ab gardes locaux (community ranger)\u00bb dans la protection de la nature. Concernant les conflits avec la faune sauvage, il regrette que leur r\u00e9ponse aux conflits soit parfois trop lente puisqu\u2019il passe \u00e0 chaque fois par les acteurs locaux. Il est n\u00e9cessaire selon lui <em>\u00ab de voir la situation dans son ensemble avant de ne plus avoir de tigre ou d\u2019\u00e9l\u00e9phant sauvage et que l\u2019ensemble de leur community ranger puisse intervenir sur les conflits \u00bb<\/em>. Il reconnait en ce sens la qualit\u00e9 des CRU (Conservation Response Unit, voir le projet) qui ont sensibilis\u00e9 les community rangers aux conflits avec les \u00e9l\u00e9phants et les ont pouss\u00e9es \u00e0 intervenir plus rapidement. Cependant d\u2019apr\u00e8s lui, les CRU ne doivent pas seulement \u00eatre reli\u00e9es aux conflits avec les \u00e9l\u00e9phants. Ils peuvent avoir un impact plus important et sensibiliser la population \u00e0 l\u2019importance de prot\u00e9ger leur for\u00eat. Ils sont <em>\u00ab un outil qui montre aux populations locales que l\u2019on peut trouver des moyens de subsistance sans d\u00e9truire la for\u00eat \u00bb<\/em>. Il esp\u00e8re ainsi qu&rsquo;\u00e0 l&rsquo;avenir les CRU pourront \u00eatre davantage et pourront, par exemple, mettre en place autour des camps des plantations qui repousseraient les \u00e9l\u00e9phants, et seraient une source de nouveaux revenus pour l\u2019\u00e9conomie locale.<\/span><\/p>\n<p><script src=\"https:\/\/www.moovmanage.com\/public_api\/moovad_overlay\/3667\" type=\"text\/javascript\"><\/script><\/p>\n<p><script src=\"https:\/\/www.moovmanage.com\/public_api\/moovad_overlay\/3667\" type=\"text\/javascript\"><\/script><\/p>\n","protected":false},"excerpt":{"rendered":"<p>Kholis est la nouvelle personne en charge au sein de Flora and Fauna International (FFI) de coordonner leurs programmes sur les esp\u00e8ces cl\u00e9s (l\u2019\u00e9l\u00e9phant faisant partie de ce programme). Nous avons \u00e9t\u00e9 pr\u00e9sent\u00e9s au bureau et j\u2019ai tout de suite appr\u00e9ci\u00e9 sa fa\u00e7on de raisonner, sa fa\u00e7on de voir la protection de l\u2019environnement, comme un [&hellip;]<\/p>\n","protected":false},"author":1,"featured_media":352,"parent":0,"menu_order":0,"comment_status":"closed","ping_status":"closed","template":"","meta":[],"_links":{"self":[{"href":"https:\/\/loulecuyer.com\/index.php\/wp-json\/wp\/v2\/pages\/392"}],"collection":[{"href":"https:\/\/loulecuyer.com\/index.php\/wp-json\/wp\/v2\/pages"}],"about":[{"href":"https:\/\/loulecuyer.com\/index.php\/wp-json\/wp\/v2\/types\/page"}],"author":[{"embeddable":true,"href":"https:\/\/loulecuyer.com\/index.php\/wp-json\/wp\/v2\/users\/1"}],"replies":[{"embeddable":true,"href":"https:\/\/loulecuyer.com\/index.php\/wp-json\/wp\/v2\/comments?post=392"}],"version-history":[{"count":3,"href":"https:\/\/loulecuyer.com\/index.php\/wp-json\/wp\/v2\/pages\/392\/revisions"}],"predecessor-version":[{"id":394,"href":"https:\/\/loulecuyer.com\/index.php\/wp-json\/wp\/v2\/pages\/392\/revisions\/394"}],"wp:featuredmedia":[{"embeddable":true,"href":"https:\/\/loulecuyer.com\/index.php\/wp-json\/wp\/v2\/media\/352"}],"wp:attachment":[{"href":"https:\/\/loulecuyer.com\/index.php\/wp-json\/wp\/v2\/media?parent=392"}],"curies":[{"name":"wp","href":"https:\/\/api.w.org\/{rel}","templated":true}]}}