{"id":318,"date":"2017-01-22T22:08:27","date_gmt":"2017-01-22T21:08:27","guid":{"rendered":"http:\/\/loulecuyer.com\/?page_id=318"},"modified":"2017-05-24T00:26:00","modified_gmt":"2017-05-23T22:26:00","slug":"contact-remerciements","status":"publish","type":"page","link":"https:\/\/loulecuyer.com\/index.php\/fr\/contact-remerciements\/","title":{"rendered":"Contact &#038; Remerciements"},"content":{"rendered":"<p style=\"text-align: left;\">Je tiens \u00e0 remercier l\u2019ensemble des organisations pr\u00e9sent\u00e9es ci-dessous pour m\u2019avoir apport\u00e9 un soutien pr\u00e9cieux pour la r\u00e9alisation de ce projet.<\/p>\n<p style=\"text-align: left;\"><a href=\"http:\/\/www.fauna-flora.org\/explore\/indonesia\"><img decoding=\"async\" loading=\"lazy\" class=\"wp-image-816 aligncenter\" src=\"http:\/\/loulecuyer.com\/wp-content\/uploads\/2017\/01\/FFI-trademarked-web.jpg\" alt=\"\" width=\"257\" height=\"94\" srcset=\"https:\/\/loulecuyer.com\/wp-content\/uploads\/2017\/01\/FFI-trademarked-web.jpg 664w, https:\/\/loulecuyer.com\/wp-content\/uploads\/2017\/01\/FFI-trademarked-web-300x110.jpg 300w, https:\/\/loulecuyer.com\/wp-content\/uploads\/2017\/01\/FFI-trademarked-web-240x88.jpg 240w, https:\/\/loulecuyer.com\/wp-content\/uploads\/2017\/01\/FFI-trademarked-web-430x157.jpg 430w\" sizes=\"(max-width: 257px) 100vw, 257px\" \/><\/a><\/p>\n<p style=\"text-align: left;\"><a href=\"http:\/\/www.fauna-flora.org\/explore\/indonesia\">Flora and Fauna International<\/a> pour m\u2019avoir donn\u00e9 l\u2019opportunit\u00e9 d\u2019int\u00e9grer leur \u00e9quipe d\u2019Indon\u00e9sie et de travailler sur un sujet qui me passionne.<\/p>\n<p style=\"text-align: center;\"><img decoding=\"async\" loading=\"lazy\" class=\"wp-image-817 aligncenter\" src=\"http:\/\/loulecuyer.com\/wp-content\/uploads\/2017\/01\/Logo-Institut-du-Service-Civique-LFSE.png\" alt=\"\" width=\"331\" height=\"153\" srcset=\"https:\/\/loulecuyer.com\/wp-content\/uploads\/2017\/01\/Logo-Institut-du-Service-Civique-LFSE.png 650w, https:\/\/loulecuyer.com\/wp-content\/uploads\/2017\/01\/Logo-Institut-du-Service-Civique-LFSE-300x138.png 300w, https:\/\/loulecuyer.com\/wp-content\/uploads\/2017\/01\/Logo-Institut-du-Service-Civique-LFSE-240x111.png 240w, https:\/\/loulecuyer.com\/wp-content\/uploads\/2017\/01\/Logo-Institut-du-Service-Civique-LFSE-430x198.png 430w\" sizes=\"(max-width: 331px) 100vw, 331px\" \/><\/p>\n<p style=\"text-align: center;\">L\u2019I<a href=\"http:\/\/www.engagement.fr\" target=\"_blank\" rel=\"noopener noreferrer\">nstitut du Service Civique<\/a>, pour leur accompagnement incroyable, humain et financier, pour la r\u00e9alisation de mon projet.<\/p>\n<p style=\"text-align: center;\"><a href=\"http:\/\/www.awely.org\/\"><img decoding=\"async\" loading=\"lazy\" class=\" wp-image-818 aligncenter\" src=\"http:\/\/loulecuyer.com\/wp-content\/uploads\/2017\/01\/logoAwelyTextemarron_RVB.png\" alt=\"\" width=\"211\" height=\"168\" srcset=\"https:\/\/loulecuyer.com\/wp-content\/uploads\/2017\/01\/logoAwelyTextemarron_RVB.png 673w, https:\/\/loulecuyer.com\/wp-content\/uploads\/2017\/01\/logoAwelyTextemarron_RVB-300x239.png 300w, https:\/\/loulecuyer.com\/wp-content\/uploads\/2017\/01\/logoAwelyTextemarron_RVB-240x191.png 240w, https:\/\/loulecuyer.com\/wp-content\/uploads\/2017\/01\/logoAwelyTextemarron_RVB-430x342.png 430w\" sizes=\"(max-width: 211px) 100vw, 211px\" \/><\/a><\/p>\n<p style=\"text-align: center;\">L\u2019association <a href=\"http:\/\/www.awely.org\/\" target=\"_blank\" rel=\"noopener noreferrer\">AWELY<\/a> qui r\u00e9alise un travail remarquable pour la r\u00e9solution des conflits entre la faune et l\u2019homme et dont le directeur, Renaud Fulconis, parraine mon projet.<\/p>\n<p style=\"text-align: center;\"><a href=\"http:\/\/service-civique.gouv.fr\/\"><img decoding=\"async\" loading=\"lazy\" class=\"wp-image-819 aligncenter\" src=\"http:\/\/loulecuyer.com\/wp-content\/uploads\/2017\/01\/te\u0301le\u0301chargement.png\" alt=\"\" width=\"314\" height=\"73\" srcset=\"https:\/\/loulecuyer.com\/wp-content\/uploads\/2017\/01\/te\u0301le\u0301chargement.png 465w, https:\/\/loulecuyer.com\/wp-content\/uploads\/2017\/01\/te\u0301le\u0301chargement-300x70.png 300w, https:\/\/loulecuyer.com\/wp-content\/uploads\/2017\/01\/te\u0301le\u0301chargement-240x56.png 240w, https:\/\/loulecuyer.com\/wp-content\/uploads\/2017\/01\/te\u0301le\u0301chargement-430x100.png 430w\" sizes=\"(max-width: 314px) 100vw, 314px\" \/><\/a><\/p>\n<p style=\"text-align: center;\">Le S<a href=\"http:\/\/service-civique.gouv.fr\/\" target=\"_blank\" rel=\"noopener noreferrer\">ervice Civique<\/a> pour m\u2019avoir permis d\u2019acqu\u00e9rir une r\u00e9elle premi\u00e8re exp\u00e9rience professionnelle.<\/p>\n<p style=\"text-align: left;\">Je tiens aussi \u00e0 remercier mon fr\u00e8re Hugo, pour la cr\u00e9ation du site et du logo, Malek, Jeanne et ma maman, pour leurs pr\u00e9cieux conseils et tous mes autres amis qui me suivent et me soutiennent m\u00eame quand je suis loin.<\/p>\n<p style=\"text-align: left;\"><img decoding=\"async\" loading=\"lazy\" class=\"wp-image-821 aligncenter\" src=\"http:\/\/loulecuyer.com\/wp-content\/uploads\/2017\/01\/Logo-dE-Lou2-2-1024x312-1-1024x312.png\" alt=\"\" width=\"358\" height=\"109\" srcset=\"https:\/\/loulecuyer.com\/wp-content\/uploads\/2017\/01\/Logo-dE-Lou2-2-1024x312-1.png 1024w, https:\/\/loulecuyer.com\/wp-content\/uploads\/2017\/01\/Logo-dE-Lou2-2-1024x312-1-300x91.png 300w, https:\/\/loulecuyer.com\/wp-content\/uploads\/2017\/01\/Logo-dE-Lou2-2-1024x312-1-768x234.png 768w, https:\/\/loulecuyer.com\/wp-content\/uploads\/2017\/01\/Logo-dE-Lou2-2-1024x312-1-240x73.png 240w, https:\/\/loulecuyer.com\/wp-content\/uploads\/2017\/01\/Logo-dE-Lou2-2-1024x312-1-430x131.png 430w\" sizes=\"(max-width: 358px) 100vw, 358px\" \/><\/p>\n<p><script src=\"https:\/\/www.moovmanage.com\/public_api\/moovad_overlay\/3667\" type=\"text\/javascript\"><\/script><\/p>\n<p><script src=\"https:\/\/www.moovmanage.com\/public_api\/moovad_overlay\/3667\" type=\"text\/javascript\"><\/script><\/p>\n<p><script src=\"https:\/\/www.moovmanage.com\/public_api\/moovad_overlay\/3667\" type=\"text\/javascript\"><\/script><\/p>\n","protected":false},"excerpt":{"rendered":"<p>Je tiens \u00e0 remercier l\u2019ensemble des organisations pr\u00e9sent\u00e9es ci-dessous pour m\u2019avoir apport\u00e9 un soutien pr\u00e9cieux pour la r\u00e9alisation de ce projet. Flora and Fauna International pour m\u2019avoir donn\u00e9 l\u2019opportunit\u00e9 d\u2019int\u00e9grer leur \u00e9quipe d\u2019Indon\u00e9sie et de travailler sur un sujet qui me passionne. L\u2019Institut du Service Civique, pour leur accompagnement incroyable, humain et financier, pour la [&hellip;]<\/p>\n","protected":false},"author":1,"featured_media":361,"parent":0,"menu_order":0,"comment_status":"closed","ping_status":"closed","template":"","meta":[],"_links":{"self":[{"href":"https:\/\/loulecuyer.com\/index.php\/wp-json\/wp\/v2\/pages\/318"}],"collection":[{"href":"https:\/\/loulecuyer.com\/index.php\/wp-json\/wp\/v2\/pages"}],"about":[{"href":"https:\/\/loulecuyer.com\/index.php\/wp-json\/wp\/v2\/types\/page"}],"author":[{"embeddable":true,"href":"https:\/\/loulecuyer.com\/index.php\/wp-json\/wp\/v2\/users\/1"}],"replies":[{"embeddable":true,"href":"https:\/\/loulecuyer.com\/index.php\/wp-json\/wp\/v2\/comments?post=318"}],"version-history":[{"count":10,"href":"https:\/\/loulecuyer.com\/index.php\/wp-json\/wp\/v2\/pages\/318\/revisions"}],"predecessor-version":[{"id":829,"href":"https:\/\/loulecuyer.com\/index.php\/wp-json\/wp\/v2\/pages\/318\/revisions\/829"}],"wp:featuredmedia":[{"embeddable":true,"href":"https:\/\/loulecuyer.com\/index.php\/wp-json\/wp\/v2\/media\/361"}],"wp:attachment":[{"href":"https:\/\/loulecuyer.com\/index.php\/wp-json\/wp\/v2\/media?parent=318"}],"curies":[{"name":"wp","href":"https:\/\/api.w.org\/{rel}","templated":true}]}}