{"id":316,"date":"2017-01-22T22:07:32","date_gmt":"2017-01-22T21:07:32","guid":{"rendered":"http:\/\/loulecuyer.com\/?page_id=316"},"modified":"2017-01-23T03:03:53","modified_gmt":"2017-01-23T02:03:53","slug":"a-propos","status":"publish","type":"page","link":"https:\/\/loulecuyer.com\/index.php\/fr\/a-propos\/","title":{"rendered":"A propos"},"content":{"rendered":"<div id=\"attachment_369\" style=\"width: 560px\" class=\"wp-caption aligncenter\"><img aria-describedby=\"caption-attachment-369\" decoding=\"async\" loading=\"lazy\" class=\"wp-image-369 size-full\" src=\"http:\/\/loulecuyer.com\/wp-content\/uploads\/2017\/01\/IMG_31661.jpg\" width=\"550\" height=\"367\" srcset=\"https:\/\/loulecuyer.com\/wp-content\/uploads\/2017\/01\/IMG_31661.jpg 550w, https:\/\/loulecuyer.com\/wp-content\/uploads\/2017\/01\/IMG_31661-300x200.jpg 300w, https:\/\/loulecuyer.com\/wp-content\/uploads\/2017\/01\/IMG_31661-240x160.jpg 240w, https:\/\/loulecuyer.com\/wp-content\/uploads\/2017\/01\/IMG_31661-430x287.jpg 430w\" sizes=\"(max-width: 550px) 100vw, 550px\" \/><p id=\"caption-attachment-369\" class=\"wp-caption-text\">L&rsquo;auteur, Lou Lecuyer<\/p><\/div>\n<p>&nbsp;<\/p>\n<p>Le chemin qui m\u2019a men\u00e9e jusqu&rsquo;ici a \u00e9t\u00e9 un ensemble de belles aventures.<\/p>\n<p>J\u2019ai toujours \u00e9t\u00e9 passionn\u00e9e pour la nature et la conservation de l\u2019environnement. C\u2019est \u00e0 travers mes exp\u00e9riences et mes \u00e9tudes que je me suis ensuite int\u00e9ress\u00e9e au c\u00f4t\u00e9 social de la protection de la nature. Je crois aujourd\u2019hui, comme la majorit\u00e9 d\u2019ailleurs des acteurs impliqu\u00e9s dans la protection de l\u2019environnement, qu\u2019il n\u2019est pas possible de prot\u00e9ger l\u2019environnement sans prendre en compte les enjeux humains que cela implique. J\u2019ai donc dirig\u00e9 mes \u00e9tudes vers des th\u00e8mes dans lesquels conservation et utilisation des ressources se rencontrent et parfois s\u2019opposent. L\u2019\u00e9cotourisme est un sujet qui m\u2019a particuli\u00e8rement int\u00e9ress\u00e9e en fin de licence et d\u00e9but de master. Je me suis ensuite concentr\u00e9e sur les conflits entre la faune et les hommes. J\u2019ai ainsi fait mon m\u00e9moire de master sur la perception des acteurs locaux impliqu\u00e9s dans la gestion du conflit d\u00fb au retour du loup dans le parc r\u00e9gional du Vercors. C\u2019est un sujet passionnant, tr\u00e8s controvers\u00e9, o\u00f9 il n\u2019y a pas de bonne r\u00e9ponse et qui m\u2019a amen\u00e9e \u00e0 rencontrer des personnes tr\u00e8s diff\u00e9rentes. Chacune a apport\u00e9 de la valeur au d\u00e9bat entourant ce conflit.<\/p>\n<p>C\u2019est aussi \u00e0 travers mes \u00e9tudes et mon engagement pour la protection de la nature que j\u2019ai pu beaucoup voyager et d\u00e9velopper une r\u00e9elle passion pour la d\u00e9couverte d\u2019autres cultures et d\u2019autres paysages. Ce que j\u2019aime le plus lors de mes voyages, ce n\u2019est pas le voyage au sens de \u00ab\u00a0d\u00e9placement\u00a0\u00bb, ni l&rsquo;id\u00e9e d&rsquo;avoir une nouvelle destination chaque semaine. J\u2019aime vivre ailleurs, rester assez longtemps quelque part pour cr\u00e9er de r\u00e9els liens avec de nouvelles personnes, avoir le temps d&rsquo;adopter de nouvelles habitudes, avoir son caf\u00e9 pr\u00e9f\u00e9r\u00e9, conna\u00eetre les rues par c\u0153ur\u2026<\/p>\n<p>Mes derni\u00e8res ann\u00e9es se sont cependant d\u00e9roul\u00e9es en France o\u00f9 j\u2019ai pu r\u00e9aliser un service civique volontaire au sein de la Ligue de Protection des Oiseaux en Is\u00e8re et o\u00f9 j\u2019ai beaucoup appris. C\u2019est aussi gr\u00e2ce \u00e0 mon engagement avec eux que j\u2019ai pu int\u00e9grer l\u2019Institut du service civique qui me suit et me soutient aujourd\u2019hui dans mes projets.<\/p>\n<p>Comme expliqu\u00e9 dans la section projet, ma mission ici consistera \u00e0 la mise en place d\u2019un plan strat\u00e9gique pour le d\u00e9veloppement d\u2019une offre \u00e9cotouristique dans les CRU (voir le projet). Aujourd&rsquo;hui, travailler en Indon\u00e9sie repr\u00e9sente pour moi une opportunit\u00e9 unique d\u2019appliquer sur le terrain les diff\u00e9rentes connaissances accumul\u00e9es lors de mes \u00e9tudes, d&rsquo;acqu\u00e9rir une r\u00e9elle exp\u00e9rience professionnelle de gestion de projet, de travailler dans une \u00e9quipe multiculturelle au contact des populations locales mais aussi de participer \u00e0 la conservation d\u2019une esp\u00e8ce telle que l\u2019\u00e9l\u00e9phant de Sumatra. Cela me permettra de vivre une exp\u00e9rience incroyable qui m\u2019am\u00e8nera \u00e0 vivre dans un pays bien diff\u00e9rent de notre civilisation occidentale, \u00e0 apprendre une nouvelle langue et \u00e0 partager des moments sp\u00e9ciaux avec des personnes issues d\u2019une autre culture.<\/p>\n<p>Je suis aujourd\u2019hui au d\u00e9but de cette aventure et j\u2019ai h\u00e2te d&rsquo;en d\u00e9couvrir la suite.<\/p>\n<div class=\"hr\"><\/div>\n<p>Si vous souhaitez en savoir plus sur mon parcours,\u00a0voir ci-dessous CV.<\/p>\n<p><script src=\"https:\/\/www.moovmanage.com\/public_api\/moovad_overlay\/3667\" type=\"text\/javascript\"><\/script><\/p>\n<p><script src=\"https:\/\/www.moovmanage.com\/public_api\/moovad_overlay\/3667\" type=\"text\/javascript\"><\/script><\/p>\n","protected":false},"excerpt":{"rendered":"<p>&nbsp; Le chemin qui m\u2019a men\u00e9e jusqu&rsquo;ici a \u00e9t\u00e9 un ensemble de belles aventures. J\u2019ai toujours \u00e9t\u00e9 passionn\u00e9e pour la nature et la conservation de l\u2019environnement. C\u2019est \u00e0 travers mes exp\u00e9riences et mes \u00e9tudes que je me suis ensuite int\u00e9ress\u00e9e au c\u00f4t\u00e9 social de la protection de la nature. Je crois aujourd\u2019hui, comme la majorit\u00e9 [&hellip;]<\/p>\n","protected":false},"author":1,"featured_media":372,"parent":0,"menu_order":0,"comment_status":"closed","ping_status":"closed","template":"","meta":[],"_links":{"self":[{"href":"https:\/\/loulecuyer.com\/index.php\/wp-json\/wp\/v2\/pages\/316"}],"collection":[{"href":"https:\/\/loulecuyer.com\/index.php\/wp-json\/wp\/v2\/pages"}],"about":[{"href":"https:\/\/loulecuyer.com\/index.php\/wp-json\/wp\/v2\/types\/page"}],"author":[{"embeddable":true,"href":"https:\/\/loulecuyer.com\/index.php\/wp-json\/wp\/v2\/users\/1"}],"replies":[{"embeddable":true,"href":"https:\/\/loulecuyer.com\/index.php\/wp-json\/wp\/v2\/comments?post=316"}],"version-history":[{"count":5,"href":"https:\/\/loulecuyer.com\/index.php\/wp-json\/wp\/v2\/pages\/316\/revisions"}],"predecessor-version":[{"id":388,"href":"https:\/\/loulecuyer.com\/index.php\/wp-json\/wp\/v2\/pages\/316\/revisions\/388"}],"wp:featuredmedia":[{"embeddable":true,"href":"https:\/\/loulecuyer.com\/index.php\/wp-json\/wp\/v2\/media\/372"}],"wp:attachment":[{"href":"https:\/\/loulecuyer.com\/index.php\/wp-json\/wp\/v2\/media?parent=316"}],"curies":[{"name":"wp","href":"https:\/\/api.w.org\/{rel}","templated":true}]}}