{"id":314,"date":"2017-01-22T22:04:52","date_gmt":"2017-01-22T21:04:52","guid":{"rendered":"http:\/\/loulecuyer.com\/?page_id=314"},"modified":"2017-01-23T02:49:25","modified_gmt":"2017-01-23T01:49:25","slug":"gallerie-photo","status":"publish","type":"page","link":"https:\/\/loulecuyer.com\/index.php\/fr\/gallerie-photo\/","title":{"rendered":"Gallerie photo"},"content":{"rendered":"<p>Cela fait quelques ann\u00e9es d\u00e9j\u00e0 que j\u2019ai abandonn\u00e9 mon tout petit appareil num\u00e9rique pour ne me servir que d\u2019un vieux et fantastique appareil argentique, re\u00e7u de mon grand-p\u00e8re, un canon AE1. C\u2019est une autre approche, je r\u00e9alise moins de photos, mais celles que je fais sont choisies et r\u00e9fl\u00e9chies. Cela me permet aussi de profiter pleinement et simplement des autres moments que je d\u00e9cide de ne pas photographier.<\/p>\n<p>Vous trouverez les diff\u00e9rents albums dans le sous menu de la galerie photo. Vous trouverez aussi de courtes descriptions des photos lorsque vous posez le curseur sur la photo qui vous int\u00e9resse. Pour voir l&rsquo;ensemble des photos et des l\u00e9gendes sur une m\u00eame page, cliquer sur la petite maison en bas \u00e0 gauche de l&rsquo;\u00e9cran une fois dans la visionneuse de l&rsquo;album. Certaines photos ne sont pas parfaites comme il s&rsquo;agit d&rsquo;un appareil photo int\u00e9gralement manuel et que je ne pr\u00e9tend pas \u00e0 \u00eatre une artiste mais elles repr\u00e9sentent toutes des souvenirs de moments magnifiques.<\/p>\n","protected":false},"excerpt":{"rendered":"<p>Cela fait quelques ann\u00e9es d\u00e9j\u00e0 que j\u2019ai abandonn\u00e9 mon tout petit appareil num\u00e9rique pour ne me servir que d\u2019un vieux et fantastique appareil argentique, re\u00e7u de mon grand-p\u00e8re, un canon AE1. C\u2019est une autre approche, je r\u00e9alise moins de photos, mais celles que je fais sont choisies et r\u00e9fl\u00e9chies. Cela me permet aussi de profiter [&hellip;]<\/p>\n","protected":false},"author":1,"featured_media":0,"parent":0,"menu_order":0,"comment_status":"closed","ping_status":"closed","template":"","meta":[],"_links":{"self":[{"href":"https:\/\/loulecuyer.com\/index.php\/wp-json\/wp\/v2\/pages\/314"}],"collection":[{"href":"https:\/\/loulecuyer.com\/index.php\/wp-json\/wp\/v2\/pages"}],"about":[{"href":"https:\/\/loulecuyer.com\/index.php\/wp-json\/wp\/v2\/types\/page"}],"author":[{"embeddable":true,"href":"https:\/\/loulecuyer.com\/index.php\/wp-json\/wp\/v2\/users\/1"}],"replies":[{"embeddable":true,"href":"https:\/\/loulecuyer.com\/index.php\/wp-json\/wp\/v2\/comments?post=314"}],"version-history":[{"count":2,"href":"https:\/\/loulecuyer.com\/index.php\/wp-json\/wp\/v2\/pages\/314\/revisions"}],"predecessor-version":[{"id":378,"href":"https:\/\/loulecuyer.com\/index.php\/wp-json\/wp\/v2\/pages\/314\/revisions\/378"}],"wp:attachment":[{"href":"https:\/\/loulecuyer.com\/index.php\/wp-json\/wp\/v2\/media?parent=314"}],"curies":[{"name":"wp","href":"https:\/\/api.w.org\/{rel}","templated":true}]}}