{"id":312,"date":"2017-01-22T22:04:25","date_gmt":"2017-01-22T21:04:25","guid":{"rendered":"http:\/\/loulecuyer.com\/?page_id=312"},"modified":"2017-01-23T02:49:03","modified_gmt":"2017-01-23T01:49:03","slug":"portrait","status":"publish","type":"page","link":"https:\/\/loulecuyer.com\/index.php\/fr\/portrait\/","title":{"rendered":"Portrait"},"content":{"rendered":"<p>Les portraits repr\u00e9sentent une analyse des diff\u00e9rents acteurs impliqu\u00e9s dans le conflit avec les \u00e9l\u00e9phants. En parall\u00e8le de la mise en place de l\u2019offre \u00e9cotouristique, je souhaite, \u00e0 travers ces portraits, mieux comprendre le jeu d\u2019acteurs qu\u2019implique une situation conflictuelle avec un animal sauvage, entre conservation d\u2019une esp\u00e8ce, utilisation de l\u2019esp\u00e8ce \u00e0 titre touristique, ou perception de l\u2019esp\u00e8ce comme nuisible. Un nouveau portrait sera post\u00e9 tous les 15 jours. Tout en me concentrant sur le c\u00f4t\u00e9 humain du conflit, j\u2019esp\u00e8re vous faire partager une vision globale de ce que cela peut signifier pour un agriculteur local, un garde, ou encore un guide touristique, de cohabiter avec une esp\u00e8ce embl\u00e9matique telle que l\u2019\u00e9l\u00e9phant de Sumatra.<\/p>\n<p><script src=\"https:\/\/www.moovmanage.com\/public_api\/moovad_overlay\/3667\" type=\"text\/javascript\"><\/script><\/p>\n","protected":false},"excerpt":{"rendered":"<p>Les portraits repr\u00e9sentent une analyse des diff\u00e9rents acteurs impliqu\u00e9s dans le conflit avec les \u00e9l\u00e9phants. En parall\u00e8le de la mise en place de l\u2019offre \u00e9cotouristique, je souhaite, \u00e0 travers ces portraits, mieux comprendre le jeu d\u2019acteurs qu\u2019implique une situation conflictuelle avec un animal sauvage, entre conservation d\u2019une esp\u00e8ce, utilisation de l\u2019esp\u00e8ce \u00e0 titre touristique, ou [&hellip;]<\/p>\n","protected":false},"author":1,"featured_media":0,"parent":0,"menu_order":0,"comment_status":"closed","ping_status":"closed","template":"","meta":[],"_links":{"self":[{"href":"https:\/\/loulecuyer.com\/index.php\/wp-json\/wp\/v2\/pages\/312"}],"collection":[{"href":"https:\/\/loulecuyer.com\/index.php\/wp-json\/wp\/v2\/pages"}],"about":[{"href":"https:\/\/loulecuyer.com\/index.php\/wp-json\/wp\/v2\/types\/page"}],"author":[{"embeddable":true,"href":"https:\/\/loulecuyer.com\/index.php\/wp-json\/wp\/v2\/users\/1"}],"replies":[{"embeddable":true,"href":"https:\/\/loulecuyer.com\/index.php\/wp-json\/wp\/v2\/comments?post=312"}],"version-history":[{"count":3,"href":"https:\/\/loulecuyer.com\/index.php\/wp-json\/wp\/v2\/pages\/312\/revisions"}],"predecessor-version":[{"id":377,"href":"https:\/\/loulecuyer.com\/index.php\/wp-json\/wp\/v2\/pages\/312\/revisions\/377"}],"wp:attachment":[{"href":"https:\/\/loulecuyer.com\/index.php\/wp-json\/wp\/v2\/media?parent=312"}],"curies":[{"name":"wp","href":"https:\/\/api.w.org\/{rel}","templated":true}]}}