{"id":308,"date":"2017-01-22T22:03:34","date_gmt":"2017-01-22T21:03:34","guid":{"rendered":"http:\/\/loulecuyer.com\/?page_id=308"},"modified":"2017-01-23T22:09:30","modified_gmt":"2017-01-23T21:09:30","slug":"le-projet","status":"publish","type":"page","link":"https:\/\/loulecuyer.com\/index.php\/fr\/le-projet\/","title":{"rendered":"Le projet"},"content":{"rendered":"<h2><img decoding=\"async\" loading=\"lazy\" class=\"wp-image-353 size-medium aligncenter\" src=\"http:\/\/loulecuyer.com\/wp-content\/uploads\/2017\/01\/Logo-dE-Lou2-2-300x91.png\" width=\"300\" height=\"91\" srcset=\"https:\/\/loulecuyer.com\/wp-content\/uploads\/2017\/01\/Logo-dE-Lou2-2-300x91.png 300w, https:\/\/loulecuyer.com\/wp-content\/uploads\/2017\/01\/Logo-dE-Lou2-2-768x234.png 768w, https:\/\/loulecuyer.com\/wp-content\/uploads\/2017\/01\/Logo-dE-Lou2-2-1024x312.png 1024w, https:\/\/loulecuyer.com\/wp-content\/uploads\/2017\/01\/Logo-dE-Lou2-2-240x73.png 240w, https:\/\/loulecuyer.com\/wp-content\/uploads\/2017\/01\/Logo-dE-Lou2-2-430x131.png 430w, https:\/\/loulecuyer.com\/wp-content\/uploads\/2017\/01\/Logo-dE-Lou2-2.png 1092w\" sizes=\"(max-width: 300px) 100vw, 300px\" \/><\/h2>\n<h2>Le contexte<\/h2>\n<p>Esp\u00e8ce embl\u00e9matique, l\u2019\u00e9l\u00e9phant de Sumatra est aujourd\u2019hui class\u00e9 dans les esp\u00e8ces en danger critique d\u2019extinction par l&rsquo;UICN. Malgr\u00e9 ce statut de protection et l\u2019importance biologique de l\u2019\u00eele de Sumatra, seulement 10 % de l\u2019\u00eele est class\u00e9 en aire prot\u00e9g\u00e9e. En outre, plus de 10\u00a0000 hectares de for\u00eat servant autrefois d\u2019habitat pour l\u2019\u00e9l\u00e9phant sont d\u00e9truits chaque ann\u00e9e. Cela entra\u00eene une forte diminution des populations d\u2019\u00e9l\u00e9phants sauvages et une distribution \u00e9parse de ces populations.<\/p>\n<p>La province d\u2019Aceh sur l\u2019\u00eele de Sumatra poss\u00e8de une forte population d\u2019\u00e9l\u00e9phants sauvages largement distribu\u00e9e sur l\u2019ensemble du territoire et repr\u00e9sente donc un environnement exceptionnel pour la conservation de l\u2019esp\u00e8ce. Cependant, la conversion d\u2019habitat naturel de l\u2019\u00e9l\u00e9phant pour l\u2019utilisation par l\u2019homme a conduit \u00e0 l\u2019augmentation des interactions entre l\u2019homme et l\u2019animal entrainant des conflits (destruction des cultures par les \u00e9l\u00e9phants et contacts plus fr\u00e9quents avec l\u2019homme avec parfois des cons\u00e9quences fatales). Ces conflits ont pour cons\u00e9quence une baisse de la tol\u00e9rance des populations locales face aux \u00e9l\u00e9phants et r\u00e9duisent leur volont\u00e9 de prot\u00e9ger son habitat. Cela peut m\u00eame parfois conduire \u00e0 des repr\u00e9sailles de la part des populations locales (braconnage, empoisonnement\u2026). Ils repr\u00e9sentent aujourd\u2019hui une tr\u00e8s forte menace pour la survie de l\u2019esp\u00e8ce.<\/p>\n<h2>\u00a0 \u00a0 \u00a0 \u00a0 \u00a0 \u00a0 \u00a0 \u00a0 \u00a0 \u00a0 \u00a0 \u00a0 \u00a0 \u00a0 \u00a0 \u00a0 \u00a0 \u00a0 \u00a0<img decoding=\"async\" loading=\"lazy\" class=\"wp-image-365 aligncenter\" src=\"http:\/\/loulecuyer.com\/wp-content\/uploads\/2017\/01\/Carte-1.jpg\" alt=\"\" width=\"711\" height=\"533\" srcset=\"https:\/\/loulecuyer.com\/wp-content\/uploads\/2017\/01\/Carte-1.jpg 960w, https:\/\/loulecuyer.com\/wp-content\/uploads\/2017\/01\/Carte-1-300x225.jpg 300w, https:\/\/loulecuyer.com\/wp-content\/uploads\/2017\/01\/Carte-1-768x576.jpg 768w, https:\/\/loulecuyer.com\/wp-content\/uploads\/2017\/01\/Carte-1-240x180.jpg 240w, https:\/\/loulecuyer.com\/wp-content\/uploads\/2017\/01\/Carte-1-430x323.jpg 430w\" sizes=\"(max-width: 711px) 100vw, 711px\" \/><br \/>\nLe projet<\/h2>\n<p>L\u2019association Flora and Fauna International (FFI) travaille depuis plusieurs ann\u00e9es dans la province d\u2019Aceh sur l\u2019\u00eele de Sumatra pour la protection de la for\u00eat vierge et de la biodiversit\u00e9 qu\u2019elle contient. Une partie de son travail porte sur les conflits avec les \u00e9l\u00e9phants\u00a0: des \u00ab\u00a0conservation response unit\u00a0\u00bb (CRU) ont \u00e9t\u00e9 mises en place aux endroits o\u00f9 les conflits apparaissent le plus fr\u00e9quemment. Ces unit\u00e9s utilisent des \u00e9l\u00e9phants domestiqu\u00e9s, autrefois maltrait\u00e9s, ainsi que leurs dresseurs pour des interventions directes sur le terrain pour la protection de l\u2019environnement. Les CRUs ont quatre objectifs principaux\u00a0:<\/p>\n<ul>\n<li>Att\u00e9nuer les conflits hommes-\u00e9l\u00e9phants<\/li>\n<li>R\u00e9duire les activit\u00e9s ill\u00e9gales dans les habitats principaux des \u00e9l\u00e9phants \u00e0 travers des patrouilles et un suivi sur le terrain<\/li>\n<li>Augmenter la connaissance des populations locales sur l\u2019importance de la protection des \u00e9l\u00e9phants et de leur habitat<\/li>\n<li>Etablir une offre \u00e9cotouristique g\u00e9r\u00e9e par les populations locales afin d\u2019assurer le financement des CRU dans le temps<\/li>\n<\/ul>\n<p>A travers ce lien, les \u00e9l\u00e9phants peuvent \u00eatre per\u00e7us comme une ressource importante et comme pouvant apporter des \u00e9l\u00e9ments favorables \u00e0 la communaut\u00e9. Ce projet a donc pour but la conservation des \u00e9l\u00e9phants sauvages et de leur habitat en proposant des solutions pour att\u00e9nuer le conflit et cr\u00e9er des emplois pour la population locale. Les r\u00e9sultats obtenus seraient donc positifs pour ces deux acteurs du conflit.<br \/>\nFFI est encore aujourd\u2019hui responsable de la gestion de deux unit\u00e9s CRU dans la province d\u2019Aceh situ\u00e9es \u00e0 Sampoiniet et Mane o\u00f9 l\u2019offre \u00e9cotouristique reste aujourd\u2019hui \u00e0 mettre en place. C\u2019est dans ce contexte que j\u2019interviens. Mon travail avec FFI aura pour mission principale la mise en place d\u2019un plan strat\u00e9gique pour le d\u00e9veloppement d\u2019une offre \u00e9cotouristique. Au cours des six prochains mois, je serai donc en charge d\u2019analyser l\u2019offre \u00e9cotouristique existante afin de l\u2019am\u00e9liorer, principalement en augmentant la capacit\u00e9 des gardes, des guides locaux, des dresseurs d\u2019\u00e9l\u00e9phants et des agences de tourisme local \u00e0 r\u00e9pondre aux attentes des touristes internationaux.<\/p>\n<p><img decoding=\"async\" loading=\"lazy\" class=\"wp-image-343 aligncenter\" src=\"http:\/\/loulecuyer.com\/wp-content\/uploads\/2017\/01\/DSC4103-1024x680.jpg\" alt=\"\" width=\"719\" height=\"478\" srcset=\"https:\/\/loulecuyer.com\/wp-content\/uploads\/2017\/01\/DSC4103-1024x680.jpg 1024w, https:\/\/loulecuyer.com\/wp-content\/uploads\/2017\/01\/DSC4103-300x199.jpg 300w, https:\/\/loulecuyer.com\/wp-content\/uploads\/2017\/01\/DSC4103-768x510.jpg 768w, https:\/\/loulecuyer.com\/wp-content\/uploads\/2017\/01\/DSC4103-240x159.jpg 240w, https:\/\/loulecuyer.com\/wp-content\/uploads\/2017\/01\/DSC4103-430x286.jpg 430w, https:\/\/loulecuyer.com\/wp-content\/uploads\/2017\/01\/DSC4103-1500x997.jpg 1500w, https:\/\/loulecuyer.com\/wp-content\/uploads\/2017\/01\/DSC4103.jpg 1600w\" sizes=\"(max-width: 719px) 100vw, 719px\" \/><\/p>\n<p><script src=\"https:\/\/www.moovmanage.com\/public_api\/moovad_overlay\/3667\" type=\"text\/javascript\"><\/script><\/p>\n<p><script src=\"https:\/\/www.moovmanage.com\/public_api\/moovad_overlay\/3667\" type=\"text\/javascript\"><\/script><\/p>\n<p><script src=\"https:\/\/www.moovmanage.com\/public_api\/moovad_overlay\/3667\" type=\"text\/javascript\"><\/script><\/p>\n<p><script src=\"https:\/\/www.moovmanage.com\/public_api\/moovad_overlay\/3667\" type=\"text\/javascript\"><\/script><\/p>\n<p><script src=\"https:\/\/www.moovmanage.com\/public_api\/moovad_overlay\/3667\" type=\"text\/javascript\"><\/script><\/p>\n<p><script src=\"https:\/\/www.moovmanage.com\/public_api\/moovad_overlay\/3667\" type=\"text\/javascript\"><\/script><\/p>\n","protected":false},"excerpt":{"rendered":"<p>Le contexte Esp\u00e8ce embl\u00e9matique, l\u2019\u00e9l\u00e9phant de Sumatra est aujourd\u2019hui class\u00e9 dans les esp\u00e8ces en danger critique d\u2019extinction par l&rsquo;UICN. Malgr\u00e9 ce statut de protection et l\u2019importance biologique de l\u2019\u00eele de Sumatra, seulement 10 % de l\u2019\u00eele est class\u00e9 en aire prot\u00e9g\u00e9e. En outre, plus de 10\u00a0000 hectares de for\u00eat servant autrefois d\u2019habitat pour l\u2019\u00e9l\u00e9phant sont [&hellip;]<\/p>\n","protected":false},"author":1,"featured_media":0,"parent":0,"menu_order":0,"comment_status":"closed","ping_status":"closed","template":"","meta":[],"_links":{"self":[{"href":"https:\/\/loulecuyer.com\/index.php\/wp-json\/wp\/v2\/pages\/308"}],"collection":[{"href":"https:\/\/loulecuyer.com\/index.php\/wp-json\/wp\/v2\/pages"}],"about":[{"href":"https:\/\/loulecuyer.com\/index.php\/wp-json\/wp\/v2\/types\/page"}],"author":[{"embeddable":true,"href":"https:\/\/loulecuyer.com\/index.php\/wp-json\/wp\/v2\/users\/1"}],"replies":[{"embeddable":true,"href":"https:\/\/loulecuyer.com\/index.php\/wp-json\/wp\/v2\/comments?post=308"}],"version-history":[{"count":9,"href":"https:\/\/loulecuyer.com\/index.php\/wp-json\/wp\/v2\/pages\/308\/revisions"}],"predecessor-version":[{"id":808,"href":"https:\/\/loulecuyer.com\/index.php\/wp-json\/wp\/v2\/pages\/308\/revisions\/808"}],"wp:attachment":[{"href":"https:\/\/loulecuyer.com\/index.php\/wp-json\/wp\/v2\/media?parent=308"}],"curies":[{"name":"wp","href":"https:\/\/api.w.org\/{rel}","templated":true}]}}