{"id":299,"date":"2017-01-22T01:41:20","date_gmt":"2017-01-22T00:41:20","guid":{"rendered":"http:\/\/loulecuyer.com\/?page_id=299"},"modified":"2017-05-24T00:03:49","modified_gmt":"2017-05-23T22:03:49","slug":"acceuil","status":"publish","type":"page","link":"https:\/\/loulecuyer.com\/index.php\/fr\/acceuil\/","title":{"rendered":"Accueil"},"content":{"rendered":"<p>Ce site pr\u00e9sente une s\u00e9rie de portraits des acteurs impliqu\u00e9s dans la r\u00e9solution des conflits entre l\u2019\u00e9l\u00e9phant de Sumatra et l\u2019homme dans la province de Banda Aceh sur l\u2019\u00eele de Sumatra, Indon\u00e9sie. Ces portraits proposent de vous faire partager une vision globale de ce que cela peut signifier pour un agriculteur local, un garde, ou encore un guide touristique, de cohabiter avec une esp\u00e8ce embl\u00e9matique telle que l\u2019\u00e9l\u00e9phant de Sumatra.<\/p>\n<p>&nbsp;<\/p>\n<p><script src=\"https:\/\/www.moovmanage.com\/public_api\/moovad_overlay\/3667\" type=\"text\/javascript\"><\/script><\/p>\n<p><script src=\"https:\/\/www.moovmanage.com\/public_api\/moovad_overlay\/3667\" type=\"text\/javascript\"><\/script><\/p>\n<p><script src=\"https:\/\/www.moovmanage.com\/public_api\/moovad_overlay\/3667\" type=\"text\/javascript\"><\/script><\/p>\n<p><script src=\"https:\/\/www.moovmanage.com\/public_api\/moovad_overlay\/3667\" type=\"text\/javascript\"><\/script><\/p>\n","protected":false},"excerpt":{"rendered":"<p>Ce site pr\u00e9sente une s\u00e9rie de portraits des acteurs impliqu\u00e9s dans la r\u00e9solution des conflits entre l\u2019\u00e9l\u00e9phant de Sumatra et l\u2019homme dans la province de Banda Aceh sur l\u2019\u00eele de Sumatra, Indon\u00e9sie. Ces portraits proposent de vous faire partager une vision globale de ce que cela peut signifier pour un agriculteur local, un garde, ou [&hellip;]<\/p>\n","protected":false},"author":1,"featured_media":361,"parent":0,"menu_order":0,"comment_status":"closed","ping_status":"closed","template":"","meta":[],"_links":{"self":[{"href":"https:\/\/loulecuyer.com\/index.php\/wp-json\/wp\/v2\/pages\/299"}],"collection":[{"href":"https:\/\/loulecuyer.com\/index.php\/wp-json\/wp\/v2\/pages"}],"about":[{"href":"https:\/\/loulecuyer.com\/index.php\/wp-json\/wp\/v2\/types\/page"}],"author":[{"embeddable":true,"href":"https:\/\/loulecuyer.com\/index.php\/wp-json\/wp\/v2\/users\/1"}],"replies":[{"embeddable":true,"href":"https:\/\/loulecuyer.com\/index.php\/wp-json\/wp\/v2\/comments?post=299"}],"version-history":[{"count":7,"href":"https:\/\/loulecuyer.com\/index.php\/wp-json\/wp\/v2\/pages\/299\/revisions"}],"predecessor-version":[{"id":813,"href":"https:\/\/loulecuyer.com\/index.php\/wp-json\/wp\/v2\/pages\/299\/revisions\/813"}],"wp:featuredmedia":[{"embeddable":true,"href":"https:\/\/loulecuyer.com\/index.php\/wp-json\/wp\/v2\/media\/361"}],"wp:attachment":[{"href":"https:\/\/loulecuyer.com\/index.php\/wp-json\/wp\/v2\/media?parent=299"}],"curies":[{"name":"wp","href":"https:\/\/api.w.org\/{rel}","templated":true}]}}